{"id":147,"date":"2020-06-03T14:32:29","date_gmt":"2020-06-03T14:32:29","guid":{"rendered":"http:\/\/rgworldwide.mx\/site\/?page_id=147"},"modified":"2020-07-01T19:10:20","modified_gmt":"2020-07-01T19:10:20","slug":"padron-general-de-importadores","status":"publish","type":"page","link":"https:\/\/rgworldwide.mx\/site\/index.php\/padron-general-de-importadores\/","title":{"rendered":"Padr\u00f3n General de Importadores"},"content":{"rendered":"\t\t<div data-elementor-type=\"wp-page\" data-elementor-id=\"147\" class=\"elementor elementor-147\">\n\t\t\t\t\t\t<section class=\"elementor-section elementor-top-section elementor-element elementor-element-30c871a she-header-yes elementor-section-boxed elementor-section-height-default elementor-section-height-default\" data-id=\"30c871a\" data-element_type=\"section\" data-settings=\"{&quot;transparent&quot;:&quot;yes&quot;,&quot;transparent_on&quot;:[&quot;desktop&quot;],&quot;scroll_distance&quot;:{&quot;unit&quot;:&quot;px&quot;,&quot;size&quot;:0,&quot;sizes&quot;:[]},&quot;background_show&quot;:&quot;yes&quot;,&quot;background&quot;:&quot;#FFFFFF&quot;,&quot;shrink_header&quot;:&quot;yes&quot;,&quot;custom_height_header&quot;:{&quot;unit&quot;:&quot;px&quot;,&quot;size&quot;:8,&quot;sizes&quot;:[]},&quot;scroll_distance_tablet&quot;:{&quot;unit&quot;:&quot;px&quot;,&quot;size&quot;:&quot;&quot;,&quot;sizes&quot;:[]},&quot;scroll_distance_mobile&quot;:{&quot;unit&quot;:&quot;px&quot;,&quot;size&quot;:&quot;&quot;,&quot;sizes&quot;:[]},&quot;she_offset_top&quot;:{&quot;unit&quot;:&quot;px&quot;,&quot;size&quot;:0,&quot;sizes&quot;:[]},&quot;she_offset_top_tablet&quot;:{&quot;unit&quot;:&quot;px&quot;,&quot;size&quot;:&quot;&quot;,&quot;sizes&quot;:[]},&quot;she_offset_top_mobile&quot;:{&quot;unit&quot;:&quot;px&quot;,&quot;size&quot;:&quot;&quot;,&quot;sizes&quot;:[]},&quot;she_width&quot;:{&quot;unit&quot;:&quot;%&quot;,&quot;size&quot;:100,&quot;sizes&quot;:[]},&quot;she_width_tablet&quot;:{&quot;unit&quot;:&quot;px&quot;,&quot;size&quot;:&quot;&quot;,&quot;sizes&quot;:[]},&quot;she_width_mobile&quot;:{&quot;unit&quot;:&quot;px&quot;,&quot;size&quot;:&quot;&quot;,&quot;sizes&quot;:[]},&quot;she_padding&quot;:{&quot;unit&quot;:&quot;px&quot;,&quot;top&quot;:0,&quot;right&quot;:&quot;&quot;,&quot;bottom&quot;:0,&quot;left&quot;:&quot;&quot;,&quot;isLinked&quot;:true},&quot;she_padding_tablet&quot;:{&quot;unit&quot;:&quot;px&quot;,&quot;top&quot;:&quot;&quot;,&quot;right&quot;:&quot;&quot;,&quot;bottom&quot;:&quot;&quot;,&quot;left&quot;:&quot;&quot;,&quot;isLinked&quot;:true},&quot;she_padding_mobile&quot;:{&quot;unit&quot;:&quot;px&quot;,&quot;top&quot;:&quot;&quot;,&quot;right&quot;:&quot;&quot;,&quot;bottom&quot;:&quot;&quot;,&quot;left&quot;:&quot;&quot;,&quot;isLinked&quot;:true},&quot;custom_height_header_tablet&quot;:{&quot;unit&quot;:&quot;px&quot;,&quot;size&quot;:&quot;&quot;,&quot;sizes&quot;:[]},&quot;custom_height_header_mobile&quot;:{&quot;unit&quot;:&quot;px&quot;,&quot;size&quot;:&quot;&quot;,&quot;sizes&quot;:[]}}\">\n\t\t\t\t\t\t<div class=\"elementor-container elementor-column-gap-default\">\n\t\t\t\t\t<div class=\"elementor-column elementor-col-50 elementor-top-column elementor-element elementor-element-75b6dd0\" data-id=\"75b6dd0\" data-element_type=\"column\">\n\t\t\t<div class=\"elementor-widget-wrap elementor-element-populated\">\n\t\t\t\t\t\t<div class=\"elementor-element elementor-element-48193a1 elementor-invisible elementor-widget elementor-widget-image\" data-id=\"48193a1\" data-element_type=\"widget\" data-settings=\"{&quot;_animation&quot;:&quot;fadeInLeft&quot;}\" data-widget_type=\"image.default\">\n\t\t\t\t<div class=\"elementor-widget-container\">\n\t\t\t\t\t\t\t\t\t\t\t\t\t\t\t\t<a href=\"http:\/\/rgworldwide.mx\/site\/\">\n\t\t\t\t\t\t\t<img fetchpriority=\"high\" decoding=\"async\" width=\"640\" height=\"288\" src=\"https:\/\/rgworldwide.mx\/site\/wp-content\/uploads\/2020\/06\/weblogo.png\" class=\"attachment-large size-large wp-image-643\" alt=\"\" srcset=\"https:\/\/rgworldwide.mx\/site\/wp-content\/uploads\/2020\/06\/weblogo.png 666w, https:\/\/rgworldwide.mx\/site\/wp-content\/uploads\/2020\/06\/weblogo-300x135.png 300w\" sizes=\"(max-width: 640px) 100vw, 640px\" \/>\t\t\t\t\t\t\t\t<\/a>\n\t\t\t\t\t\t\t\t\t\t\t\t\t\t\t<\/div>\n\t\t\t\t<\/div>\n\t\t\t\t\t<\/div>\n\t\t<\/div>\n\t\t\t\t<div class=\"elementor-column elementor-col-50 elementor-top-column elementor-element elementor-element-109a185\" data-id=\"109a185\" data-element_type=\"column\">\n\t\t\t<div class=\"elementor-widget-wrap\">\n\t\t\t\t\t\t\t<\/div>\n\t\t<\/div>\n\t\t\t\t\t<\/div>\n\t\t<\/section>\n\t\t\t\t<section class=\"elementor-section elementor-top-section elementor-element elementor-element-1292dc8 elementor-section-boxed elementor-section-height-default elementor-section-height-default\" data-id=\"1292dc8\" data-element_type=\"section\" data-settings=\"{&quot;background_background&quot;:&quot;classic&quot;}\">\n\t\t\t\t\t\t<div class=\"elementor-container elementor-column-gap-default\">\n\t\t\t\t\t<div class=\"elementor-column elementor-col-100 elementor-top-column elementor-element elementor-element-eabfae1\" data-id=\"eabfae1\" data-element_type=\"column\">\n\t\t\t<div class=\"elementor-widget-wrap elementor-element-populated\">\n\t\t\t\t\t\t<div class=\"elementor-element elementor-element-1d421fc elementor-widget elementor-widget-text-editor\" data-id=\"1d421fc\" data-element_type=\"widget\" data-widget_type=\"text-editor.default\">\n\t\t\t\t<div class=\"elementor-widget-container\">\n\t\t\t\t\t\t\t\t\t<p><a href=\"http:\/\/rgworldwide.mx\/site\">Inicio<\/a>\u00a0 &gt;\u00a0 <a href=\"http:\/\/rgworldwide.mx\/site\/index.php\/servicios\/\">Servicios<\/a> &gt;\u00a0 <a href=\"http:\/\/rgworldwide.mx\/site\/index.php\/comercializadora-de-importaciones-y-exportaciones\/\">Comercializadora de Importaciones y Exportaciones<\/a>\u00a0 &gt;\u00a0 Padr\u00f3n General de Importadores<\/p>\t\t\t\t\t\t\t\t<\/div>\n\t\t\t\t<\/div>\n\t\t\t\t\t<\/div>\n\t\t<\/div>\n\t\t\t\t\t<\/div>\n\t\t<\/section>\n\t\t\t\t<section class=\"elementor-section elementor-top-section elementor-element elementor-element-835dcac elementor-section-boxed elementor-section-height-default elementor-section-height-default\" data-id=\"835dcac\" data-element_type=\"section\">\n\t\t\t\t\t\t<div class=\"elementor-container elementor-column-gap-default\">\n\t\t\t\t\t<div class=\"elementor-column elementor-col-100 elementor-top-column elementor-element elementor-element-29ec54a\" data-id=\"29ec54a\" data-element_type=\"column\">\n\t\t\t<div class=\"elementor-widget-wrap elementor-element-populated\">\n\t\t\t\t\t\t<div class=\"elementor-element elementor-element-3c164b2 elementor-widget elementor-widget-spacer\" data-id=\"3c164b2\" data-element_type=\"widget\" data-widget_type=\"spacer.default\">\n\t\t\t\t<div class=\"elementor-widget-container\">\n\t\t\t\t\t\t\t<div class=\"elementor-spacer\">\n\t\t\t<div class=\"elementor-spacer-inner\"><\/div>\n\t\t<\/div>\n\t\t\t\t\t\t<\/div>\n\t\t\t\t<\/div>\n\t\t\t\t<div class=\"elementor-element elementor-element-a951c37 elementor-invisible elementor-widget elementor-widget-heading\" data-id=\"a951c37\" data-element_type=\"widget\" data-settings=\"{&quot;_animation&quot;:&quot;fadeIn&quot;}\" data-widget_type=\"heading.default\">\n\t\t\t\t<div class=\"elementor-widget-container\">\n\t\t\t\t\t<h3 class=\"elementor-heading-title elementor-size-default\">PADR\u00d3N GENERAL DE IMPORTADORES<\/h3>\t\t\t\t<\/div>\n\t\t\t\t<\/div>\n\t\t\t\t\t<\/div>\n\t\t<\/div>\n\t\t\t\t\t<\/div>\n\t\t<\/section>\n\t\t\t\t<section class=\"elementor-section elementor-top-section elementor-element elementor-element-f99a2a4 elementor-section-boxed elementor-section-height-default elementor-section-height-default\" data-id=\"f99a2a4\" data-element_type=\"section\">\n\t\t\t\t\t\t<div class=\"elementor-container elementor-column-gap-default\">\n\t\t\t\t\t<div class=\"elementor-column elementor-col-100 elementor-top-column elementor-element elementor-element-edc782c\" data-id=\"edc782c\" data-element_type=\"column\">\n\t\t\t<div class=\"elementor-widget-wrap elementor-element-populated\">\n\t\t\t\t\t\t<div class=\"elementor-element elementor-element-19775c1 elementor-widget elementor-widget-text-editor\" data-id=\"19775c1\" data-element_type=\"widget\" data-widget_type=\"text-editor.default\">\n\t\t\t\t<div class=\"elementor-widget-container\">\n\t\t\t\t\t\t\t\t\t<div class=\"wpb_text_column wpb_content_element big\"><div class=\"wpb_wrapper\"><p>Si su empresa no cuenta con Padr\u00f3n General de Importadores y desea realizar importaciones durante el periodo que tramita y le autorizan su registro o simplemente es de su inter\u00e9s realizar sus compras internacionales mediante una empresa importadora, en estos casos ponemos a sus \u00f3rdenes nuestro servicio de comercializadora.<\/p><p>Le ofrecemos la ventaja de realizar sus importaciones por medio de nuestra empresa al momento que usted lo necesite y sin la necesidad de que su empresa se involucre en registros, tr\u00e1mites aduanales u otras obligaciones fiscales. Este servicio est\u00e1 respaldado por profesionales de comercio internacional que forman parte de nuestro equipo.<\/p><\/div><\/div>\t\t\t\t\t\t\t\t<\/div>\n\t\t\t\t<\/div>\n\t\t\t\t<div class=\"elementor-element elementor-element-8dd4e50 elementor-widget elementor-widget-image\" data-id=\"8dd4e50\" data-element_type=\"widget\" data-widget_type=\"image.default\">\n\t\t\t\t<div class=\"elementor-widget-container\">\n\t\t\t\t\t\t\t\t\t\t\t\t\t\t\t<img decoding=\"async\" width=\"640\" height=\"305\" src=\"https:\/\/rgworldwide.mx\/site\/wp-content\/uploads\/2020\/06\/padron2-1024x488.jpg\" class=\"attachment-large size-large wp-image-436\" alt=\"\" srcset=\"https:\/\/rgworldwide.mx\/site\/wp-content\/uploads\/2020\/06\/padron2-1024x488.jpg 1024w, https:\/\/rgworldwide.mx\/site\/wp-content\/uploads\/2020\/06\/padron2-300x143.jpg 300w, https:\/\/rgworldwide.mx\/site\/wp-content\/uploads\/2020\/06\/padron2-768x366.jpg 768w, https:\/\/rgworldwide.mx\/site\/wp-content\/uploads\/2020\/06\/padron2-1568x746.jpg 1568w, https:\/\/rgworldwide.mx\/site\/wp-content\/uploads\/2020\/06\/padron2.jpg 2048w\" sizes=\"(max-width: 640px) 100vw, 640px\" \/>\t\t\t\t\t\t\t\t\t\t\t\t\t\t\t<\/div>\n\t\t\t\t<\/div>\n\t\t\t\t<section class=\"elementor-section elementor-inner-section elementor-element elementor-element-99eb4c2 elementor-section-boxed elementor-section-height-default elementor-section-height-default\" data-id=\"99eb4c2\" data-element_type=\"section\">\n\t\t\t\t\t\t<div class=\"elementor-container elementor-column-gap-default\">\n\t\t\t\t\t<div class=\"elementor-column elementor-col-100 elementor-inner-column elementor-element elementor-element-eea34d9\" data-id=\"eea34d9\" data-element_type=\"column\">\n\t\t\t<div class=\"elementor-widget-wrap elementor-element-populated\">\n\t\t\t\t\t\t<div class=\"elementor-element elementor-element-0915000 elementor-invisible elementor-widget elementor-widget-heading\" data-id=\"0915000\" data-element_type=\"widget\" data-settings=\"{&quot;_animation&quot;:&quot;fadeIn&quot;}\" data-widget_type=\"heading.default\">\n\t\t\t\t<div class=\"elementor-widget-container\">\n\t\t\t\t\t<h3 class=\"elementor-heading-title elementor-size-default\">Si a usted le interesa este servicio, no dude en contactarnos<\/h3>\t\t\t\t<\/div>\n\t\t\t\t<\/div>\n\t\t\t\t<div class=\"elementor-element elementor-element-74caf77 elementor-align-center elementor-widget elementor-widget-button\" data-id=\"74caf77\" data-element_type=\"widget\" data-widget_type=\"button.default\">\n\t\t\t\t<div class=\"elementor-widget-container\">\n\t\t\t\t\t\t\t\t\t<div class=\"elementor-button-wrapper\">\n\t\t\t\t\t<a class=\"elementor-button elementor-button-link elementor-size-sm\" href=\"http:\/\/rgworldwide.mx\/site\/index.php\/contacto\/\">\n\t\t\t\t\t\t<span class=\"elementor-button-content-wrapper\">\n\t\t\t\t\t\t\t\t\t<span class=\"elementor-button-text\">SOLICITAR INFORMACI\u00d3N<\/span>\n\t\t\t\t\t<\/span>\n\t\t\t\t\t<\/a>\n\t\t\t\t<\/div>\n\t\t\t\t\t\t\t\t<\/div>\n\t\t\t\t<\/div>\n\t\t\t\t\t<\/div>\n\t\t<\/div>\n\t\t\t\t\t<\/div>\n\t\t<\/section>\n\t\t\t\t\t<\/div>\n\t\t<\/div>\n\t\t\t\t\t<\/div>\n\t\t<\/section>\n\t\t\t\t<section class=\"elementor-section elementor-top-section elementor-element elementor-element-f852285 elementor-section-boxed elementor-section-height-default elementor-section-height-default\" data-id=\"f852285\" data-element_type=\"section\" data-settings=\"{&quot;background_background&quot;:&quot;classic&quot;}\">\n\t\t\t\t\t\t<div class=\"elementor-container elementor-column-gap-default\">\n\t\t\t\t\t<div class=\"elementor-column elementor-col-100 elementor-top-column elementor-element elementor-element-44068ad\" data-id=\"44068ad\" data-element_type=\"column\">\n\t\t\t<div class=\"elementor-widget-wrap elementor-element-populated\">\n\t\t\t\t\t\t<div class=\"elementor-element elementor-element-d2e884d elementor-widget elementor-widget-spacer\" data-id=\"d2e884d\" data-element_type=\"widget\" data-widget_type=\"spacer.default\">\n\t\t\t\t<div class=\"elementor-widget-container\">\n\t\t\t\t\t\t\t<div class=\"elementor-spacer\">\n\t\t\t<div class=\"elementor-spacer-inner\"><\/div>\n\t\t<\/div>\n\t\t\t\t\t\t<\/div>\n\t\t\t\t<\/div>\n\t\t\t\t\t<\/div>\n\t\t<\/div>\n\t\t\t\t\t<\/div>\n\t\t<\/section>\n\t\t\t\t<section class=\"elementor-section elementor-top-section elementor-element elementor-element-19a1931 elementor-section-boxed elementor-section-height-default elementor-section-height-default\" data-id=\"19a1931\" data-element_type=\"section\" data-settings=\"{&quot;background_background&quot;:&quot;classic&quot;}\">\n\t\t\t\t\t\t<div class=\"elementor-container elementor-column-gap-default\">\n\t\t\t\t\t<div class=\"elementor-column elementor-col-25 elementor-top-column elementor-element elementor-element-5b3cc44\" data-id=\"5b3cc44\" data-element_type=\"column\">\n\t\t\t<div class=\"elementor-widget-wrap elementor-element-populated\">\n\t\t\t\t\t\t<div class=\"elementor-element elementor-element-73b8686 elementor-widget elementor-widget-heading\" data-id=\"73b8686\" data-element_type=\"widget\" data-widget_type=\"heading.default\">\n\t\t\t\t<div class=\"elementor-widget-container\">\n\t\t\t\t\t<h3 class=\"elementor-heading-title elementor-size-default\"><a href=\"http:\/\/rgworldwide.mx\/site\/index.php\/comercializadora-de-importaciones-y-exportaciones\/\">Comercializadora de Importaciones y Exportaciones<\/a><\/h3>\t\t\t\t<\/div>\n\t\t\t\t<\/div>\n\t\t\t\t<div class=\"elementor-element elementor-element-3a489e2 elementor-widget elementor-widget-text-editor\" data-id=\"3a489e2\" data-element_type=\"widget\" data-widget_type=\"text-editor.default\">\n\t\t\t\t<div class=\"elementor-widget-container\">\n\t\t\t\t\t\t\t\t\t<p><a href=\"http:\/\/rgworldwide.mx\/site\/index.php\/padron-general-de-importadores\/\">Padr\u00f3n General de Importadores.<\/a><\/p><p><a href=\"http:\/\/rgworldwide.mx\/site\/index.php\/padron-de-importadores-textil-y-confeccion\/\">Padr\u00f3n de Importadores Textil y Confecci\u00f3n.<\/a><\/p><p><a href=\"http:\/\/rgworldwide.mx\/site\/index.php\/padron-de-importadores-de-calzado\/\">Padr\u00f3n de Importadores de Calzado.<\/a><\/p><p><a href=\"http:\/\/rgworldwide.mx\/site\/index.php\/padron-siderurgico-y-de-productos-siderurgicos\/\">Padr\u00f3n Sider\u00fargico y Padr\u00f3n de Productos Sider\u00fargicos.<\/a><\/p><p><a href=\"http:\/\/rgworldwide.mx\/site\/index.php\/padron-de-exportacion-de-sectores-especificos\/\">Padr\u00f3n de Exportaci\u00f3n de Sectores Espec\u00edficos.<\/a><\/p>\t\t\t\t\t\t\t\t<\/div>\n\t\t\t\t<\/div>\n\t\t\t\t\t<\/div>\n\t\t<\/div>\n\t\t\t\t<div class=\"elementor-column elementor-col-25 elementor-top-column elementor-element elementor-element-c9a6d50\" data-id=\"c9a6d50\" data-element_type=\"column\">\n\t\t\t<div class=\"elementor-widget-wrap elementor-element-populated\">\n\t\t\t\t\t\t<div class=\"elementor-element elementor-element-2957f1b elementor-widget elementor-widget-heading\" data-id=\"2957f1b\" data-element_type=\"widget\" data-widget_type=\"heading.default\">\n\t\t\t\t<div class=\"elementor-widget-container\">\n\t\t\t\t\t<h3 class=\"elementor-heading-title elementor-size-default\"><a href=\"http:\/\/rgworldwide.mx\/site\/index.php\/logistica-integral-en-exportaciones\/\">Log\u00edstica Integral en Exportaciones<\/a><\/h3>\t\t\t\t<\/div>\n\t\t\t\t<\/div>\n\t\t\t\t<div class=\"elementor-element elementor-element-0e6d9fd elementor-widget elementor-widget-text-editor\" data-id=\"0e6d9fd\" data-element_type=\"widget\" data-widget_type=\"text-editor.default\">\n\t\t\t\t<div class=\"elementor-widget-container\">\n\t\t\t\t\t\t\t\t\t<p><a href=\"http:\/\/rgworldwide.mx\/site\/index.php\/exportacion-en-centroamerica\/\">Exportaci\u00f3n en Centroam\u00e9rica.<\/a><\/p><p><a href=\"http:\/\/rgworldwide.mx\/site\/index.php\/exportacion-a-estados-unidos-y-canada\/\">Exportaci\u00f3n a Estados Unidos y Canad\u00e1.<\/a><\/p><p><a href=\"http:\/\/rgworldwide.mx\/site\/index.php\/exportacion-a-sudamerica-europa-asia-y-africa\/\">Exportaci\u00f3n a Sudam\u00e9rica, Europa, Asia y \u00c1frica.<\/a><\/p>\t\t\t\t\t\t\t\t<\/div>\n\t\t\t\t<\/div>\n\t\t\t\t\t<\/div>\n\t\t<\/div>\n\t\t\t\t<div class=\"elementor-column elementor-col-25 elementor-top-column elementor-element elementor-element-dbf8fbf\" data-id=\"dbf8fbf\" data-element_type=\"column\">\n\t\t\t<div class=\"elementor-widget-wrap elementor-element-populated\">\n\t\t\t\t\t\t<div class=\"elementor-element elementor-element-946f2a8 elementor-widget elementor-widget-heading\" data-id=\"946f2a8\" data-element_type=\"widget\" data-widget_type=\"heading.default\">\n\t\t\t\t<div class=\"elementor-widget-container\">\n\t\t\t\t\t<h3 class=\"elementor-heading-title elementor-size-default\"><a href=\"http:\/\/rgworldwide.mx\/site\/index.php\/fletes-seguros-aduanas-y-permisos-de-importacion\/\">Fletes, Seguros, Aduanas y Permisos de Importaci\u00f3n<\/a><\/h3>\t\t\t\t<\/div>\n\t\t\t\t<\/div>\n\t\t\t\t<div class=\"elementor-element elementor-element-15f554b elementor-widget elementor-widget-text-editor\" data-id=\"15f554b\" data-element_type=\"widget\" data-widget_type=\"text-editor.default\">\n\t\t\t\t<div class=\"elementor-widget-container\">\n\t\t\t\t\t\t\t\t\t<p><a href=\"http:\/\/rgworldwide.mx\/site\/index.php\/fletes-terrestres\/\">Fletes terrestres.<\/a><\/p><p><a href=\"http:\/\/rgworldwide.mx\/site\/index.php\/fletes-maritimos\/\">Fletes Mar\u00edtimos.<\/a><\/p><p><a href=\"http:\/\/rgworldwide.mx\/site\/index.php\/fletes-aereos\/\">Fletes A\u00e9reos.<\/a><\/p><p><a href=\"http:\/\/rgworldwide.mx\/site\/index.php\/ffcc\/\">F.F.C.C.<\/a><\/p><p><a href=\"http:\/\/rgworldwide.mx\/site\/index.php\/flete-multimodal\/\">Flete Multimodal.<\/a><\/p><p><a href=\"http:\/\/rgworldwide.mx\/site\/index.php\/seguros\/\">Seguros.<\/a><\/p><p><a href=\"http:\/\/rgworldwide.mx\/site\/index.php\/aduanas\/\">Aduanas.<\/a><\/p><p><a href=\"http:\/\/rgworldwide.mx\/site\/index.php\/permisos-de-importacion\/\">Permisos de Importaci\u00f3n.<\/a><\/p>\t\t\t\t\t\t\t\t<\/div>\n\t\t\t\t<\/div>\n\t\t\t\t\t<\/div>\n\t\t<\/div>\n\t\t\t\t<div class=\"elementor-column elementor-col-25 elementor-top-column elementor-element elementor-element-62a9adc\" data-id=\"62a9adc\" data-element_type=\"column\">\n\t\t\t<div class=\"elementor-widget-wrap elementor-element-populated\">\n\t\t\t\t\t\t<div class=\"elementor-element elementor-element-c893377 elementor-widget elementor-widget-heading\" data-id=\"c893377\" data-element_type=\"widget\" data-widget_type=\"heading.default\">\n\t\t\t\t<div class=\"elementor-widget-container\">\n\t\t\t\t\t<h3 class=\"elementor-heading-title elementor-size-default\"><a href=\"http:\/\/rgworldwide.mx\/site\/index.php\/bodega-almacenaje-y-distribucion\/\">Bodega, Almacenaje y Distribuci\u00f3n<\/a><\/h3>\t\t\t\t<\/div>\n\t\t\t\t<\/div>\n\t\t\t\t<div class=\"elementor-element elementor-element-8086ea5 elementor-widget elementor-widget-heading\" data-id=\"8086ea5\" data-element_type=\"widget\" data-widget_type=\"heading.default\">\n\t\t\t\t<div class=\"elementor-widget-container\">\n\t\t\t\t\t<h3 class=\"elementor-heading-title elementor-size-default\"><a href=\"http:\/\/rgworldwide.mx\/site\/index.php\/fda\/\">FDA: Food and Drug Administration<\/a><\/h3>\t\t\t\t<\/div>\n\t\t\t\t<\/div>\n\t\t\t\t<div class=\"elementor-element elementor-element-5616f43 elementor-widget elementor-widget-heading\" data-id=\"5616f43\" data-element_type=\"widget\" data-widget_type=\"heading.default\">\n\t\t\t\t<div class=\"elementor-widget-container\">\n\t\t\t\t\t<h3 class=\"elementor-heading-title elementor-size-default\"><a href=\"http:\/\/rgworldwide.mx\/site\/index.php\/servicios-legales-en-comercio-exterior\/\">Servicios Legales en Comercio Exterior<\/a><\/h3>\t\t\t\t<\/div>\n\t\t\t\t<\/div>\n\t\t\t\t\t<\/div>\n\t\t<\/div>\n\t\t\t\t\t<\/div>\n\t\t<\/section>\n\t\t\t\t<section class=\"elementor-section elementor-top-section elementor-element elementor-element-183c288 elementor-section-boxed elementor-section-height-default elementor-section-height-default\" data-id=\"183c288\" data-element_type=\"section\" data-settings=\"{&quot;background_background&quot;:&quot;classic&quot;}\">\n\t\t\t\t\t\t<div class=\"elementor-container elementor-column-gap-default\">\n\t\t\t\t\t<div class=\"elementor-column elementor-col-100 elementor-top-column elementor-element elementor-element-29668f5\" data-id=\"29668f5\" data-element_type=\"column\">\n\t\t\t<div class=\"elementor-widget-wrap elementor-element-populated\">\n\t\t\t\t\t\t<div class=\"elementor-element elementor-element-bccaab1 elementor-widget elementor-widget-text-editor\" data-id=\"bccaab1\" data-element_type=\"widget\" data-widget_type=\"text-editor.default\">\n\t\t\t\t<div class=\"elementor-widget-container\">\n\t\t\t\t\t\t\t\t\t<p>Copyright 2020 \u00a9 RG Worldwide. Todos los derechos reservados. P\u00e1gina dise\u00f1ada y desarrollada por <a href=\"http:\/\/www.brainersocial.mx\">Brainer Social<\/a>.<\/p>\t\t\t\t\t\t\t\t<\/div>\n\t\t\t\t<\/div>\n\t\t\t\t\t<\/div>\n\t\t<\/div>\n\t\t\t\t\t<\/div>\n\t\t<\/section>\n\t\t\t\t<\/div>\n\t\t","protected":false},"excerpt":{"rendered":"<p>Nosotros Servicios Comercializadora de importaciones y exportaciones Padr\u00f3n General de Importadores Padr\u00f3n de Importadores Textil y Confecci\u00f3n Padr\u00f3n de Importadores de Calzado Padr\u00f3n Sider\u00fargico y de Productos Sider\u00fargicos Padr\u00f3n de Exportaci\u00f3n de Sectores Espec\u00edficos Logistica Integral en Exportaciones Exportaci\u00f3n a Centroam\u00e9rica Exportaci\u00f3n a Estados Unidos y Canad\u00e1 Exportaci\u00f3n a Sudam\u00e9rica Europa Asia y \u00c1frica Fletes, [&hellip;]<\/p>\n","protected":false},"author":1,"featured_media":0,"parent":0,"menu_order":0,"comment_status":"closed","ping_status":"closed","template":"elementor_header_footer","meta":{"footnotes":""},"class_list":["post-147","page","type-page","status-publish","hentry","entry"],"_links":{"self":[{"href":"https:\/\/rgworldwide.mx\/site\/index.php\/wp-json\/wp\/v2\/pages\/147","targetHints":{"allow":["GET"]}}],"collection":[{"href":"https:\/\/rgworldwide.mx\/site\/index.php\/wp-json\/wp\/v2\/pages"}],"about":[{"href":"https:\/\/rgworldwide.mx\/site\/index.php\/wp-json\/wp\/v2\/types\/page"}],"author":[{"embeddable":true,"href":"https:\/\/rgworldwide.mx\/site\/index.php\/wp-json\/wp\/v2\/users\/1"}],"replies":[{"embeddable":true,"href":"https:\/\/rgworldwide.mx\/site\/index.php\/wp-json\/wp\/v2\/comments?post=147"}],"version-history":[{"count":0,"href":"https:\/\/rgworldwide.mx\/site\/index.php\/wp-json\/wp\/v2\/pages\/147\/revisions"}],"wp:attachment":[{"href":"https:\/\/rgworldwide.mx\/site\/index.php\/wp-json\/wp\/v2\/media?parent=147"}],"curies":[{"name":"wp","href":"https:\/\/api.w.org\/{rel}","templated":true}]}}