{"id":165,"date":"2020-06-03T14:59:48","date_gmt":"2020-06-03T14:59:48","guid":{"rendered":"http:\/\/rgworldwide.mx\/site\/?page_id=165"},"modified":"2020-07-01T19:07:02","modified_gmt":"2020-07-01T19:07:02","slug":"padron-de-exportacion-de-sectores-especificos","status":"publish","type":"page","link":"https:\/\/rgworldwide.mx\/site\/index.php\/padron-de-exportacion-de-sectores-especificos\/","title":{"rendered":"Padr\u00f3n de Exportaci\u00f3n de Sectores Espec\u00edficos"},"content":{"rendered":"\t\t<div data-elementor-type=\"wp-page\" data-elementor-id=\"165\" class=\"elementor elementor-165\">\n\t\t\t\t\t\t<section class=\"elementor-section elementor-top-section elementor-element elementor-element-1cd848f she-header-yes elementor-section-boxed elementor-section-height-default elementor-section-height-default\" data-id=\"1cd848f\" data-element_type=\"section\" data-settings=\"{&quot;transparent&quot;:&quot;yes&quot;,&quot;transparent_on&quot;:[&quot;desktop&quot;],&quot;scroll_distance&quot;:{&quot;unit&quot;:&quot;px&quot;,&quot;size&quot;:0,&quot;sizes&quot;:[]},&quot;background_show&quot;:&quot;yes&quot;,&quot;background&quot;:&quot;#FFFFFF&quot;,&quot;shrink_header&quot;:&quot;yes&quot;,&quot;custom_height_header&quot;:{&quot;unit&quot;:&quot;px&quot;,&quot;size&quot;:8,&quot;sizes&quot;:[]},&quot;scroll_distance_tablet&quot;:{&quot;unit&quot;:&quot;px&quot;,&quot;size&quot;:&quot;&quot;,&quot;sizes&quot;:[]},&quot;scroll_distance_mobile&quot;:{&quot;unit&quot;:&quot;px&quot;,&quot;size&quot;:&quot;&quot;,&quot;sizes&quot;:[]},&quot;she_offset_top&quot;:{&quot;unit&quot;:&quot;px&quot;,&quot;size&quot;:0,&quot;sizes&quot;:[]},&quot;she_offset_top_tablet&quot;:{&quot;unit&quot;:&quot;px&quot;,&quot;size&quot;:&quot;&quot;,&quot;sizes&quot;:[]},&quot;she_offset_top_mobile&quot;:{&quot;unit&quot;:&quot;px&quot;,&quot;size&quot;:&quot;&quot;,&quot;sizes&quot;:[]},&quot;she_width&quot;:{&quot;unit&quot;:&quot;%&quot;,&quot;size&quot;:100,&quot;sizes&quot;:[]},&quot;she_width_tablet&quot;:{&quot;unit&quot;:&quot;px&quot;,&quot;size&quot;:&quot;&quot;,&quot;sizes&quot;:[]},&quot;she_width_mobile&quot;:{&quot;unit&quot;:&quot;px&quot;,&quot;size&quot;:&quot;&quot;,&quot;sizes&quot;:[]},&quot;she_padding&quot;:{&quot;unit&quot;:&quot;px&quot;,&quot;top&quot;:0,&quot;right&quot;:&quot;&quot;,&quot;bottom&quot;:0,&quot;left&quot;:&quot;&quot;,&quot;isLinked&quot;:true},&quot;she_padding_tablet&quot;:{&quot;unit&quot;:&quot;px&quot;,&quot;top&quot;:&quot;&quot;,&quot;right&quot;:&quot;&quot;,&quot;bottom&quot;:&quot;&quot;,&quot;left&quot;:&quot;&quot;,&quot;isLinked&quot;:true},&quot;she_padding_mobile&quot;:{&quot;unit&quot;:&quot;px&quot;,&quot;top&quot;:&quot;&quot;,&quot;right&quot;:&quot;&quot;,&quot;bottom&quot;:&quot;&quot;,&quot;left&quot;:&quot;&quot;,&quot;isLinked&quot;:true},&quot;custom_height_header_tablet&quot;:{&quot;unit&quot;:&quot;px&quot;,&quot;size&quot;:&quot;&quot;,&quot;sizes&quot;:[]},&quot;custom_height_header_mobile&quot;:{&quot;unit&quot;:&quot;px&quot;,&quot;size&quot;:&quot;&quot;,&quot;sizes&quot;:[]}}\">\n\t\t\t\t\t\t<div class=\"elementor-container elementor-column-gap-default\">\n\t\t\t\t\t<div class=\"elementor-column elementor-col-50 elementor-top-column elementor-element elementor-element-5fdf7b0\" data-id=\"5fdf7b0\" data-element_type=\"column\">\n\t\t\t<div class=\"elementor-widget-wrap elementor-element-populated\">\n\t\t\t\t\t\t<div class=\"elementor-element elementor-element-47552e0 elementor-invisible elementor-widget elementor-widget-image\" data-id=\"47552e0\" data-element_type=\"widget\" data-settings=\"{&quot;_animation&quot;:&quot;fadeInLeft&quot;}\" data-widget_type=\"image.default\">\n\t\t\t\t<div class=\"elementor-widget-container\">\n\t\t\t\t\t\t\t\t\t\t\t\t\t\t\t\t<a href=\"http:\/\/rgworldwide.mx\/site\/\">\n\t\t\t\t\t\t\t<img fetchpriority=\"high\" decoding=\"async\" width=\"640\" height=\"288\" src=\"https:\/\/rgworldwide.mx\/site\/wp-content\/uploads\/2020\/06\/weblogo.png\" class=\"attachment-large size-large wp-image-643\" alt=\"\" srcset=\"https:\/\/rgworldwide.mx\/site\/wp-content\/uploads\/2020\/06\/weblogo.png 666w, https:\/\/rgworldwide.mx\/site\/wp-content\/uploads\/2020\/06\/weblogo-300x135.png 300w\" sizes=\"(max-width: 640px) 100vw, 640px\" \/>\t\t\t\t\t\t\t\t<\/a>\n\t\t\t\t\t\t\t\t\t\t\t\t\t\t\t<\/div>\n\t\t\t\t<\/div>\n\t\t\t\t\t<\/div>\n\t\t<\/div>\n\t\t\t\t<div class=\"elementor-column elementor-col-50 elementor-top-column elementor-element elementor-element-de9db58\" data-id=\"de9db58\" data-element_type=\"column\">\n\t\t\t<div class=\"elementor-widget-wrap\">\n\t\t\t\t\t\t\t<\/div>\n\t\t<\/div>\n\t\t\t\t\t<\/div>\n\t\t<\/section>\n\t\t\t\t<section class=\"elementor-section elementor-top-section elementor-element elementor-element-0fe4cb1 elementor-section-boxed elementor-section-height-default elementor-section-height-default\" data-id=\"0fe4cb1\" data-element_type=\"section\" data-settings=\"{&quot;background_background&quot;:&quot;classic&quot;}\">\n\t\t\t\t\t\t<div class=\"elementor-container elementor-column-gap-default\">\n\t\t\t\t\t<div class=\"elementor-column elementor-col-100 elementor-top-column elementor-element elementor-element-6f7665a\" data-id=\"6f7665a\" data-element_type=\"column\">\n\t\t\t<div class=\"elementor-widget-wrap elementor-element-populated\">\n\t\t\t\t\t\t<div class=\"elementor-element elementor-element-d447876 elementor-widget elementor-widget-text-editor\" data-id=\"d447876\" data-element_type=\"widget\" data-widget_type=\"text-editor.default\">\n\t\t\t\t<div class=\"elementor-widget-container\">\n\t\t\t\t\t\t\t\t\t<p><a href=\"http:\/\/rgworldwide.mx\/site\">Inicio<\/a>\u00a0 &gt;\u00a0 <a href=\"http:\/\/rgworldwide.mx\/site\/index.php\/servicios\/\">Servicios<\/a> &gt;\u00a0 <a href=\"http:\/\/rgworldwide.mx\/site\/index.php\/comercializadora-de-importaciones-y-exportaciones\/\">Comercializadora de Importaciones y Exportaciones<\/a> &gt;\u00a0 Padr\u00f3n de Exportaci\u00f3n de Sectores Espec\u00edficos<\/p>\t\t\t\t\t\t\t\t<\/div>\n\t\t\t\t<\/div>\n\t\t\t\t\t<\/div>\n\t\t<\/div>\n\t\t\t\t\t<\/div>\n\t\t<\/section>\n\t\t\t\t<section class=\"elementor-section elementor-top-section elementor-element elementor-element-53ec793 elementor-section-boxed elementor-section-height-default elementor-section-height-default\" data-id=\"53ec793\" data-element_type=\"section\">\n\t\t\t\t\t\t<div class=\"elementor-container elementor-column-gap-default\">\n\t\t\t\t\t<div class=\"elementor-column elementor-col-100 elementor-top-column elementor-element elementor-element-e797835\" data-id=\"e797835\" data-element_type=\"column\">\n\t\t\t<div class=\"elementor-widget-wrap elementor-element-populated\">\n\t\t\t\t\t\t<div class=\"elementor-element elementor-element-3a29cf1 elementor-widget elementor-widget-spacer\" data-id=\"3a29cf1\" data-element_type=\"widget\" data-widget_type=\"spacer.default\">\n\t\t\t\t<div class=\"elementor-widget-container\">\n\t\t\t\t\t\t\t<div class=\"elementor-spacer\">\n\t\t\t<div class=\"elementor-spacer-inner\"><\/div>\n\t\t<\/div>\n\t\t\t\t\t\t<\/div>\n\t\t\t\t<\/div>\n\t\t\t\t<div class=\"elementor-element elementor-element-0188afb elementor-invisible elementor-widget elementor-widget-heading\" data-id=\"0188afb\" data-element_type=\"widget\" data-settings=\"{&quot;_animation&quot;:&quot;fadeIn&quot;}\" data-widget_type=\"heading.default\">\n\t\t\t\t<div class=\"elementor-widget-container\">\n\t\t\t\t\t<h3 class=\"elementor-heading-title elementor-size-default\">PADR\u00d3N DE EXPORTACI\u00d3N DE SECTORES ESPEC\u00cdFICOS<\/h3>\t\t\t\t<\/div>\n\t\t\t\t<\/div>\n\t\t\t\t\t<\/div>\n\t\t<\/div>\n\t\t\t\t\t<\/div>\n\t\t<\/section>\n\t\t\t\t<section class=\"elementor-section elementor-top-section elementor-element elementor-element-07656ba elementor-section-boxed elementor-section-height-default elementor-section-height-default\" data-id=\"07656ba\" data-element_type=\"section\">\n\t\t\t\t\t\t<div class=\"elementor-container elementor-column-gap-default\">\n\t\t\t\t\t<div class=\"elementor-column elementor-col-50 elementor-top-column elementor-element elementor-element-a0c910e\" data-id=\"a0c910e\" data-element_type=\"column\">\n\t\t\t<div class=\"elementor-widget-wrap elementor-element-populated\">\n\t\t\t\t\t\t<div class=\"elementor-element elementor-element-0e3053d elementor-widget elementor-widget-image\" data-id=\"0e3053d\" data-element_type=\"widget\" data-widget_type=\"image.default\">\n\t\t\t\t<div class=\"elementor-widget-container\">\n\t\t\t\t\t\t\t\t\t\t\t\t\t\t\t<img decoding=\"async\" width=\"640\" height=\"699\" src=\"https:\/\/rgworldwide.mx\/site\/wp-content\/uploads\/2020\/06\/padron1-937x1024.jpg\" class=\"attachment-large size-large wp-image-429\" alt=\"\" srcset=\"https:\/\/rgworldwide.mx\/site\/wp-content\/uploads\/2020\/06\/padron1-937x1024.jpg 937w, https:\/\/rgworldwide.mx\/site\/wp-content\/uploads\/2020\/06\/padron1-274x300.jpg 274w, https:\/\/rgworldwide.mx\/site\/wp-content\/uploads\/2020\/06\/padron1-768x840.jpg 768w, https:\/\/rgworldwide.mx\/site\/wp-content\/uploads\/2020\/06\/padron1.jpg 1200w\" sizes=\"(max-width: 640px) 100vw, 640px\" \/>\t\t\t\t\t\t\t\t\t\t\t\t\t\t\t<\/div>\n\t\t\t\t<\/div>\n\t\t\t\t\t<\/div>\n\t\t<\/div>\n\t\t\t\t<div class=\"elementor-column elementor-col-50 elementor-top-column elementor-element elementor-element-95245ad\" data-id=\"95245ad\" data-element_type=\"column\">\n\t\t\t<div class=\"elementor-widget-wrap elementor-element-populated\">\n\t\t\t\t\t\t<div class=\"elementor-element elementor-element-0a5f47e elementor-widget elementor-widget-text-editor\" data-id=\"0a5f47e\" data-element_type=\"widget\" data-widget_type=\"text-editor.default\">\n\t\t\t\t<div class=\"elementor-widget-container\">\n\t\t\t\t\t\t\t\t\t<div class=\"wpb_text_column wpb_content_element big\"><div class=\"wpb_wrapper\"><div class=\"wpb_text_column wpb_content_element \"><div class=\"wpb_wrapper\"><p>Como en cualquier negocio para exportar se requiere de preparaci\u00f3n, esfuerzo, dedicaci\u00f3n, constancia y aprendizaje. Adem\u00e1s, deber\u00e1 considerar en su proceso de exportaci\u00f3n, como requisito por el SAT, contar con el Padr\u00f3n de Exportadores Sectorial (Regla 1.3.7.), si los productos a exportar se encuentran clasificados en los siguientes segmentos:<\/p><ul><li>Bebidas con contenido alcoh\u00f3lico, cerveza, vinos y tequila.<\/li><li>Alcohol, alcohol desnaturalizado y mieles incristalizables.<\/li><li>Tabacos labrados (cigarros, puros y otros tabacos labrados, as\u00ed como los hechos enteramente a mano).<\/li><li>Bebidas energizantes, as\u00ed como concentrados, polvos y jarabes para preparar este tipo de bebidas.<\/li><\/ul><\/div><\/div><\/div><\/div>\t\t\t\t\t\t\t\t<\/div>\n\t\t\t\t<\/div>\n\t\t\t\t<section class=\"elementor-section elementor-inner-section elementor-element elementor-element-98c1d60 elementor-section-boxed elementor-section-height-default elementor-section-height-default\" data-id=\"98c1d60\" data-element_type=\"section\">\n\t\t\t\t\t\t<div class=\"elementor-container elementor-column-gap-default\">\n\t\t\t\t\t<div class=\"elementor-column elementor-col-100 elementor-inner-column elementor-element elementor-element-e370f8e\" data-id=\"e370f8e\" data-element_type=\"column\">\n\t\t\t<div class=\"elementor-widget-wrap elementor-element-populated\">\n\t\t\t\t\t\t<div class=\"elementor-element elementor-element-9fbd6bc elementor-invisible elementor-widget elementor-widget-heading\" data-id=\"9fbd6bc\" data-element_type=\"widget\" data-settings=\"{&quot;_animation&quot;:&quot;fadeIn&quot;}\" data-widget_type=\"heading.default\">\n\t\t\t\t<div class=\"elementor-widget-container\">\n\t\t\t\t\t<h3 class=\"elementor-heading-title elementor-size-default\">Si a usted le interesa este servicio, no dude en contactarnos<\/h3>\t\t\t\t<\/div>\n\t\t\t\t<\/div>\n\t\t\t\t<div class=\"elementor-element elementor-element-7e30c20 elementor-align-center elementor-widget elementor-widget-button\" data-id=\"7e30c20\" data-element_type=\"widget\" data-widget_type=\"button.default\">\n\t\t\t\t<div class=\"elementor-widget-container\">\n\t\t\t\t\t\t\t\t\t<div class=\"elementor-button-wrapper\">\n\t\t\t\t\t<a class=\"elementor-button elementor-button-link elementor-size-sm\" href=\"http:\/\/rgworldwide.mx\/site\/index.php\/contacto\/\">\n\t\t\t\t\t\t<span class=\"elementor-button-content-wrapper\">\n\t\t\t\t\t\t\t\t\t<span class=\"elementor-button-text\">SOLICITAR INFORMACI\u00d3N<\/span>\n\t\t\t\t\t<\/span>\n\t\t\t\t\t<\/a>\n\t\t\t\t<\/div>\n\t\t\t\t\t\t\t\t<\/div>\n\t\t\t\t<\/div>\n\t\t\t\t\t<\/div>\n\t\t<\/div>\n\t\t\t\t\t<\/div>\n\t\t<\/section>\n\t\t\t\t\t<\/div>\n\t\t<\/div>\n\t\t\t\t\t<\/div>\n\t\t<\/section>\n\t\t\t\t<section class=\"elementor-section elementor-top-section elementor-element elementor-element-119e768 elementor-section-boxed elementor-section-height-default elementor-section-height-default\" data-id=\"119e768\" data-element_type=\"section\" data-settings=\"{&quot;background_background&quot;:&quot;classic&quot;}\">\n\t\t\t\t\t\t<div class=\"elementor-container elementor-column-gap-default\">\n\t\t\t\t\t<div class=\"elementor-column elementor-col-100 elementor-top-column elementor-element elementor-element-a628c89\" data-id=\"a628c89\" data-element_type=\"column\">\n\t\t\t<div class=\"elementor-widget-wrap elementor-element-populated\">\n\t\t\t\t\t\t<div class=\"elementor-element elementor-element-c85f30f elementor-widget elementor-widget-spacer\" data-id=\"c85f30f\" data-element_type=\"widget\" data-widget_type=\"spacer.default\">\n\t\t\t\t<div class=\"elementor-widget-container\">\n\t\t\t\t\t\t\t<div class=\"elementor-spacer\">\n\t\t\t<div class=\"elementor-spacer-inner\"><\/div>\n\t\t<\/div>\n\t\t\t\t\t\t<\/div>\n\t\t\t\t<\/div>\n\t\t\t\t\t<\/div>\n\t\t<\/div>\n\t\t\t\t\t<\/div>\n\t\t<\/section>\n\t\t\t\t<section class=\"elementor-section elementor-top-section elementor-element elementor-element-6bebc5b elementor-section-boxed elementor-section-height-default elementor-section-height-default\" data-id=\"6bebc5b\" data-element_type=\"section\" data-settings=\"{&quot;background_background&quot;:&quot;classic&quot;}\">\n\t\t\t\t\t\t<div class=\"elementor-container elementor-column-gap-default\">\n\t\t\t\t\t<div class=\"elementor-column elementor-col-25 elementor-top-column elementor-element elementor-element-9dda4c8\" data-id=\"9dda4c8\" data-element_type=\"column\">\n\t\t\t<div class=\"elementor-widget-wrap elementor-element-populated\">\n\t\t\t\t\t\t<div class=\"elementor-element elementor-element-cfaa8e7 elementor-widget elementor-widget-heading\" data-id=\"cfaa8e7\" data-element_type=\"widget\" data-widget_type=\"heading.default\">\n\t\t\t\t<div class=\"elementor-widget-container\">\n\t\t\t\t\t<h3 class=\"elementor-heading-title elementor-size-default\"><a href=\"http:\/\/rgworldwide.mx\/site\/index.php\/comercializadora-de-importaciones-y-exportaciones\/\">Comercializadora de Importaciones y Exportaciones<\/a><\/h3>\t\t\t\t<\/div>\n\t\t\t\t<\/div>\n\t\t\t\t<div class=\"elementor-element elementor-element-b87a1dd elementor-widget elementor-widget-text-editor\" data-id=\"b87a1dd\" data-element_type=\"widget\" data-widget_type=\"text-editor.default\">\n\t\t\t\t<div class=\"elementor-widget-container\">\n\t\t\t\t\t\t\t\t\t<p><a href=\"http:\/\/rgworldwide.mx\/site\/index.php\/padron-general-de-importadores\/\">Padr\u00f3n General de Importadores.<\/a><\/p><p><a href=\"http:\/\/rgworldwide.mx\/site\/index.php\/padron-de-importadores-textil-y-confeccion\/\">Padr\u00f3n de Importadores Textil y Confecci\u00f3n.<\/a><\/p><p><a href=\"http:\/\/rgworldwide.mx\/site\/index.php\/padron-de-importadores-de-calzado\/\">Padr\u00f3n de Importadores de Calzado.<\/a><\/p><p><a href=\"http:\/\/rgworldwide.mx\/site\/index.php\/padron-siderurgico-y-de-productos-siderurgicos\/\">Padr\u00f3n Sider\u00fargico y Padr\u00f3n de Productos Sider\u00fargicos.<\/a><\/p><p><a href=\"http:\/\/rgworldwide.mx\/site\/index.php\/padron-de-exportacion-de-sectores-especificos\/\">Padr\u00f3n de Exportaci\u00f3n de Sectores Espec\u00edficos.<\/a><\/p>\t\t\t\t\t\t\t\t<\/div>\n\t\t\t\t<\/div>\n\t\t\t\t\t<\/div>\n\t\t<\/div>\n\t\t\t\t<div class=\"elementor-column elementor-col-25 elementor-top-column elementor-element elementor-element-9bfab9d\" data-id=\"9bfab9d\" data-element_type=\"column\">\n\t\t\t<div class=\"elementor-widget-wrap elementor-element-populated\">\n\t\t\t\t\t\t<div class=\"elementor-element elementor-element-de30bff elementor-widget elementor-widget-heading\" data-id=\"de30bff\" data-element_type=\"widget\" data-widget_type=\"heading.default\">\n\t\t\t\t<div class=\"elementor-widget-container\">\n\t\t\t\t\t<h3 class=\"elementor-heading-title elementor-size-default\"><a href=\"http:\/\/rgworldwide.mx\/site\/index.php\/logistica-integral-en-exportaciones\/\">Log\u00edstica Integral en Exportaciones<\/a><\/h3>\t\t\t\t<\/div>\n\t\t\t\t<\/div>\n\t\t\t\t<div class=\"elementor-element elementor-element-23b914c elementor-widget elementor-widget-text-editor\" data-id=\"23b914c\" data-element_type=\"widget\" data-widget_type=\"text-editor.default\">\n\t\t\t\t<div class=\"elementor-widget-container\">\n\t\t\t\t\t\t\t\t\t<p><a href=\"http:\/\/rgworldwide.mx\/site\/index.php\/exportacion-en-centroamerica\/\">Exportaci\u00f3n en Centroam\u00e9rica.<\/a><\/p><p><a href=\"http:\/\/rgworldwide.mx\/site\/index.php\/exportacion-a-estados-unidos-y-canada\/\">Exportaci\u00f3n a Estados Unidos y Canad\u00e1.<\/a><\/p><p><a href=\"http:\/\/rgworldwide.mx\/site\/index.php\/exportacion-a-sudamerica-europa-asia-y-africa\/\">Exportaci\u00f3n a Sudam\u00e9rica, Europa, Asia y \u00c1frica.<\/a><\/p>\t\t\t\t\t\t\t\t<\/div>\n\t\t\t\t<\/div>\n\t\t\t\t\t<\/div>\n\t\t<\/div>\n\t\t\t\t<div class=\"elementor-column elementor-col-25 elementor-top-column elementor-element elementor-element-2abbb3a\" data-id=\"2abbb3a\" data-element_type=\"column\">\n\t\t\t<div class=\"elementor-widget-wrap elementor-element-populated\">\n\t\t\t\t\t\t<div class=\"elementor-element elementor-element-dcb9b9a elementor-widget elementor-widget-heading\" data-id=\"dcb9b9a\" data-element_type=\"widget\" data-widget_type=\"heading.default\">\n\t\t\t\t<div class=\"elementor-widget-container\">\n\t\t\t\t\t<h3 class=\"elementor-heading-title elementor-size-default\"><a href=\"http:\/\/rgworldwide.mx\/site\/index.php\/fletes-seguros-aduanas-y-permisos-de-importacion\/\">Fletes, Seguros, Aduanas y Permisos de Importaci\u00f3n<\/a><\/h3>\t\t\t\t<\/div>\n\t\t\t\t<\/div>\n\t\t\t\t<div class=\"elementor-element elementor-element-9e4036d elementor-widget elementor-widget-text-editor\" data-id=\"9e4036d\" data-element_type=\"widget\" data-widget_type=\"text-editor.default\">\n\t\t\t\t<div class=\"elementor-widget-container\">\n\t\t\t\t\t\t\t\t\t<p><a href=\"http:\/\/rgworldwide.mx\/site\/index.php\/fletes-terrestres\/\">Fletes terrestres.<\/a><\/p><p><a href=\"http:\/\/rgworldwide.mx\/site\/index.php\/fletes-maritimos\/\">Fletes Mar\u00edtimos.<\/a><\/p><p><a href=\"http:\/\/rgworldwide.mx\/site\/index.php\/fletes-aereos\/\">Fletes A\u00e9reos.<\/a><\/p><p><a href=\"http:\/\/rgworldwide.mx\/site\/index.php\/ffcc\/\">F.F.C.C.<\/a><\/p><p><a href=\"http:\/\/rgworldwide.mx\/site\/index.php\/flete-multimodal\/\">Flete Multimodal.<\/a><\/p><p><a href=\"http:\/\/rgworldwide.mx\/site\/index.php\/seguros\/\">Seguros.<\/a><\/p><p><a href=\"http:\/\/rgworldwide.mx\/site\/index.php\/aduanas\/\">Aduanas.<\/a><\/p><p><a href=\"http:\/\/rgworldwide.mx\/site\/index.php\/permisos-de-importacion\/\">Permisos de Importaci\u00f3n.<\/a><\/p>\t\t\t\t\t\t\t\t<\/div>\n\t\t\t\t<\/div>\n\t\t\t\t\t<\/div>\n\t\t<\/div>\n\t\t\t\t<div class=\"elementor-column elementor-col-25 elementor-top-column elementor-element elementor-element-f9da7d7\" data-id=\"f9da7d7\" data-element_type=\"column\">\n\t\t\t<div class=\"elementor-widget-wrap elementor-element-populated\">\n\t\t\t\t\t\t<div class=\"elementor-element elementor-element-71b0362 elementor-widget elementor-widget-heading\" data-id=\"71b0362\" data-element_type=\"widget\" data-widget_type=\"heading.default\">\n\t\t\t\t<div class=\"elementor-widget-container\">\n\t\t\t\t\t<h3 class=\"elementor-heading-title elementor-size-default\"><a href=\"http:\/\/rgworldwide.mx\/site\/index.php\/bodega-almacenaje-y-distribucion\/\">Bodega, Almacenaje y Distribuci\u00f3n<\/a><\/h3>\t\t\t\t<\/div>\n\t\t\t\t<\/div>\n\t\t\t\t<div class=\"elementor-element elementor-element-ab95484 elementor-widget elementor-widget-heading\" data-id=\"ab95484\" data-element_type=\"widget\" data-widget_type=\"heading.default\">\n\t\t\t\t<div class=\"elementor-widget-container\">\n\t\t\t\t\t<h3 class=\"elementor-heading-title elementor-size-default\"><a href=\"http:\/\/rgworldwide.mx\/site\/index.php\/fda\/\">FDA: Food and Drug Administration<\/a><\/h3>\t\t\t\t<\/div>\n\t\t\t\t<\/div>\n\t\t\t\t<div class=\"elementor-element elementor-element-29c927e elementor-widget elementor-widget-heading\" data-id=\"29c927e\" data-element_type=\"widget\" data-widget_type=\"heading.default\">\n\t\t\t\t<div class=\"elementor-widget-container\">\n\t\t\t\t\t<h3 class=\"elementor-heading-title elementor-size-default\"><a href=\"http:\/\/rgworldwide.mx\/site\/index.php\/servicios-legales-en-comercio-exterior\/\">Servicios Legales en Comercio Exterior<\/a><\/h3>\t\t\t\t<\/div>\n\t\t\t\t<\/div>\n\t\t\t\t\t<\/div>\n\t\t<\/div>\n\t\t\t\t\t<\/div>\n\t\t<\/section>\n\t\t\t\t<section class=\"elementor-section elementor-top-section elementor-element elementor-element-9e317a3 elementor-section-boxed elementor-section-height-default elementor-section-height-default\" data-id=\"9e317a3\" data-element_type=\"section\" data-settings=\"{&quot;background_background&quot;:&quot;classic&quot;}\">\n\t\t\t\t\t\t<div class=\"elementor-container elementor-column-gap-default\">\n\t\t\t\t\t<div class=\"elementor-column elementor-col-100 elementor-top-column elementor-element elementor-element-47d42a8\" data-id=\"47d42a8\" data-element_type=\"column\">\n\t\t\t<div class=\"elementor-widget-wrap elementor-element-populated\">\n\t\t\t\t\t\t<div class=\"elementor-element elementor-element-9973148 elementor-widget elementor-widget-text-editor\" data-id=\"9973148\" data-element_type=\"widget\" data-widget_type=\"text-editor.default\">\n\t\t\t\t<div class=\"elementor-widget-container\">\n\t\t\t\t\t\t\t\t\t<p>Copyright 2020 \u00a9 RG Worldwide. Todos los derechos reservados. P\u00e1gina dise\u00f1ada y desarrollada por <a href=\"http:\/\/www.brainersocial.mx\">Brainer Social<\/a>.<\/p>\t\t\t\t\t\t\t\t<\/div>\n\t\t\t\t<\/div>\n\t\t\t\t\t<\/div>\n\t\t<\/div>\n\t\t\t\t\t<\/div>\n\t\t<\/section>\n\t\t\t\t<\/div>\n\t\t","protected":false},"excerpt":{"rendered":"<p>Nosotros Servicios Comercializadora de importaciones y exportaciones Padr\u00f3n General de Importadores Padr\u00f3n de Importadores Textil y Confecci\u00f3n Padr\u00f3n de Importadores de Calzado Padr\u00f3n Sider\u00fargico y de Productos Sider\u00fargicos Padr\u00f3n de Exportaci\u00f3n de Sectores Espec\u00edficos Logistica Integral en Exportaciones Exportaci\u00f3n a Centroam\u00e9rica Exportaci\u00f3n a Estados Unidos y Canad\u00e1 Exportaci\u00f3n a Sudam\u00e9rica Europa Asia y \u00c1frica Fletes, [&hellip;]<\/p>\n","protected":false},"author":1,"featured_media":0,"parent":0,"menu_order":0,"comment_status":"closed","ping_status":"closed","template":"elementor_header_footer","meta":{"footnotes":""},"class_list":["post-165","page","type-page","status-publish","hentry","entry"],"_links":{"self":[{"href":"https:\/\/rgworldwide.mx\/site\/index.php\/wp-json\/wp\/v2\/pages\/165","targetHints":{"allow":["GET"]}}],"collection":[{"href":"https:\/\/rgworldwide.mx\/site\/index.php\/wp-json\/wp\/v2\/pages"}],"about":[{"href":"https:\/\/rgworldwide.mx\/site\/index.php\/wp-json\/wp\/v2\/types\/page"}],"author":[{"embeddable":true,"href":"https:\/\/rgworldwide.mx\/site\/index.php\/wp-json\/wp\/v2\/users\/1"}],"replies":[{"embeddable":true,"href":"https:\/\/rgworldwide.mx\/site\/index.php\/wp-json\/wp\/v2\/comments?post=165"}],"version-history":[{"count":0,"href":"https:\/\/rgworldwide.mx\/site\/index.php\/wp-json\/wp\/v2\/pages\/165\/revisions"}],"wp:attachment":[{"href":"https:\/\/rgworldwide.mx\/site\/index.php\/wp-json\/wp\/v2\/media?parent=165"}],"curies":[{"name":"wp","href":"https:\/\/api.w.org\/{rel}","templated":true}]}}