{"id":242,"date":"2020-06-03T16:53:51","date_gmt":"2020-06-03T16:53:51","guid":{"rendered":"http:\/\/rgworldwide.mx\/site\/?page_id=242"},"modified":"2020-07-01T18:59:48","modified_gmt":"2020-07-01T18:59:48","slug":"ffcc","status":"publish","type":"page","link":"https:\/\/rgworldwide.mx\/site\/index.php\/ffcc\/","title":{"rendered":"FFCC"},"content":{"rendered":"\t\t<div data-elementor-type=\"wp-page\" data-elementor-id=\"242\" class=\"elementor elementor-242\">\n\t\t\t\t\t\t<section class=\"elementor-section elementor-top-section elementor-element elementor-element-a140b02 she-header-yes elementor-section-boxed elementor-section-height-default elementor-section-height-default\" data-id=\"a140b02\" data-element_type=\"section\" data-settings=\"{&quot;transparent&quot;:&quot;yes&quot;,&quot;transparent_on&quot;:[&quot;desktop&quot;],&quot;scroll_distance&quot;:{&quot;unit&quot;:&quot;px&quot;,&quot;size&quot;:0,&quot;sizes&quot;:[]},&quot;background_show&quot;:&quot;yes&quot;,&quot;background&quot;:&quot;#FFFFFF&quot;,&quot;shrink_header&quot;:&quot;yes&quot;,&quot;custom_height_header&quot;:{&quot;unit&quot;:&quot;px&quot;,&quot;size&quot;:8,&quot;sizes&quot;:[]},&quot;scroll_distance_tablet&quot;:{&quot;unit&quot;:&quot;px&quot;,&quot;size&quot;:&quot;&quot;,&quot;sizes&quot;:[]},&quot;scroll_distance_mobile&quot;:{&quot;unit&quot;:&quot;px&quot;,&quot;size&quot;:&quot;&quot;,&quot;sizes&quot;:[]},&quot;she_offset_top&quot;:{&quot;unit&quot;:&quot;px&quot;,&quot;size&quot;:0,&quot;sizes&quot;:[]},&quot;she_offset_top_tablet&quot;:{&quot;unit&quot;:&quot;px&quot;,&quot;size&quot;:&quot;&quot;,&quot;sizes&quot;:[]},&quot;she_offset_top_mobile&quot;:{&quot;unit&quot;:&quot;px&quot;,&quot;size&quot;:&quot;&quot;,&quot;sizes&quot;:[]},&quot;she_width&quot;:{&quot;unit&quot;:&quot;%&quot;,&quot;size&quot;:100,&quot;sizes&quot;:[]},&quot;she_width_tablet&quot;:{&quot;unit&quot;:&quot;px&quot;,&quot;size&quot;:&quot;&quot;,&quot;sizes&quot;:[]},&quot;she_width_mobile&quot;:{&quot;unit&quot;:&quot;px&quot;,&quot;size&quot;:&quot;&quot;,&quot;sizes&quot;:[]},&quot;she_padding&quot;:{&quot;unit&quot;:&quot;px&quot;,&quot;top&quot;:0,&quot;right&quot;:&quot;&quot;,&quot;bottom&quot;:0,&quot;left&quot;:&quot;&quot;,&quot;isLinked&quot;:true},&quot;she_padding_tablet&quot;:{&quot;unit&quot;:&quot;px&quot;,&quot;top&quot;:&quot;&quot;,&quot;right&quot;:&quot;&quot;,&quot;bottom&quot;:&quot;&quot;,&quot;left&quot;:&quot;&quot;,&quot;isLinked&quot;:true},&quot;she_padding_mobile&quot;:{&quot;unit&quot;:&quot;px&quot;,&quot;top&quot;:&quot;&quot;,&quot;right&quot;:&quot;&quot;,&quot;bottom&quot;:&quot;&quot;,&quot;left&quot;:&quot;&quot;,&quot;isLinked&quot;:true},&quot;custom_height_header_tablet&quot;:{&quot;unit&quot;:&quot;px&quot;,&quot;size&quot;:&quot;&quot;,&quot;sizes&quot;:[]},&quot;custom_height_header_mobile&quot;:{&quot;unit&quot;:&quot;px&quot;,&quot;size&quot;:&quot;&quot;,&quot;sizes&quot;:[]}}\">\n\t\t\t\t\t\t<div class=\"elementor-container elementor-column-gap-default\">\n\t\t\t\t\t<div class=\"elementor-column elementor-col-50 elementor-top-column elementor-element elementor-element-cd26748\" data-id=\"cd26748\" data-element_type=\"column\">\n\t\t\t<div class=\"elementor-widget-wrap elementor-element-populated\">\n\t\t\t\t\t\t<div class=\"elementor-element elementor-element-f3f92b3 elementor-invisible elementor-widget elementor-widget-image\" data-id=\"f3f92b3\" data-element_type=\"widget\" data-settings=\"{&quot;_animation&quot;:&quot;fadeInLeft&quot;}\" data-widget_type=\"image.default\">\n\t\t\t\t<div class=\"elementor-widget-container\">\n\t\t\t\t\t\t\t\t\t\t\t\t\t\t\t\t<a href=\"http:\/\/rgworldwide.mx\/site\/\">\n\t\t\t\t\t\t\t<img fetchpriority=\"high\" decoding=\"async\" width=\"640\" height=\"288\" src=\"https:\/\/rgworldwide.mx\/site\/wp-content\/uploads\/2020\/06\/weblogo.png\" class=\"attachment-large size-large wp-image-643\" alt=\"\" srcset=\"https:\/\/rgworldwide.mx\/site\/wp-content\/uploads\/2020\/06\/weblogo.png 666w, https:\/\/rgworldwide.mx\/site\/wp-content\/uploads\/2020\/06\/weblogo-300x135.png 300w\" sizes=\"(max-width: 640px) 100vw, 640px\" \/>\t\t\t\t\t\t\t\t<\/a>\n\t\t\t\t\t\t\t\t\t\t\t\t\t\t\t<\/div>\n\t\t\t\t<\/div>\n\t\t\t\t\t<\/div>\n\t\t<\/div>\n\t\t\t\t<div class=\"elementor-column elementor-col-50 elementor-top-column elementor-element elementor-element-024c2c7\" data-id=\"024c2c7\" data-element_type=\"column\">\n\t\t\t<div class=\"elementor-widget-wrap\">\n\t\t\t\t\t\t\t<\/div>\n\t\t<\/div>\n\t\t\t\t\t<\/div>\n\t\t<\/section>\n\t\t\t\t<section class=\"elementor-section elementor-top-section elementor-element elementor-element-d5f3680 elementor-section-boxed elementor-section-height-default elementor-section-height-default\" data-id=\"d5f3680\" data-element_type=\"section\" data-settings=\"{&quot;background_background&quot;:&quot;classic&quot;}\">\n\t\t\t\t\t\t<div class=\"elementor-container elementor-column-gap-default\">\n\t\t\t\t\t<div class=\"elementor-column elementor-col-100 elementor-top-column elementor-element elementor-element-c0d9dfb\" data-id=\"c0d9dfb\" data-element_type=\"column\">\n\t\t\t<div class=\"elementor-widget-wrap elementor-element-populated\">\n\t\t\t\t\t\t<div class=\"elementor-element elementor-element-95eec90 elementor-widget elementor-widget-text-editor\" data-id=\"95eec90\" data-element_type=\"widget\" data-widget_type=\"text-editor.default\">\n\t\t\t\t<div class=\"elementor-widget-container\">\n\t\t\t\t\t\t\t\t\t<p><a href=\"http:\/\/rgworldwide.mx\/site\">Inicio<\/a>\u00a0 &gt;\u00a0 <a href=\"http:\/\/rgworldwide.mx\/site\/index.php\/servicios\/\">Servicios<\/a> &gt;\u00a0 <a href=\"http:\/\/rgworldwide.mx\/site\/index.php\/fletes-seguros-aduanas-y-permisos-de-importacion\/\">Fletes, Seguros, Aduanas y Permisos de Importaci\u00f3n<\/a> &gt;\u00a0 F.F.C.C.<\/p>\t\t\t\t\t\t\t\t<\/div>\n\t\t\t\t<\/div>\n\t\t\t\t\t<\/div>\n\t\t<\/div>\n\t\t\t\t\t<\/div>\n\t\t<\/section>\n\t\t\t\t<section class=\"elementor-section elementor-top-section elementor-element elementor-element-b7e5652 elementor-section-boxed elementor-section-height-default elementor-section-height-default\" data-id=\"b7e5652\" data-element_type=\"section\">\n\t\t\t\t\t\t<div class=\"elementor-container elementor-column-gap-default\">\n\t\t\t\t\t<div class=\"elementor-column elementor-col-100 elementor-top-column elementor-element elementor-element-e436b7f\" data-id=\"e436b7f\" data-element_type=\"column\">\n\t\t\t<div class=\"elementor-widget-wrap elementor-element-populated\">\n\t\t\t\t\t\t<div class=\"elementor-element elementor-element-fee9b10 elementor-invisible elementor-widget elementor-widget-heading\" data-id=\"fee9b10\" data-element_type=\"widget\" data-settings=\"{&quot;_animation&quot;:&quot;fadeIn&quot;}\" data-widget_type=\"heading.default\">\n\t\t\t\t<div class=\"elementor-widget-container\">\n\t\t\t\t\t<h3 class=\"elementor-heading-title elementor-size-default\">F.F.C.C.<\/h3>\t\t\t\t<\/div>\n\t\t\t\t<\/div>\n\t\t\t\t\t<\/div>\n\t\t<\/div>\n\t\t\t\t\t<\/div>\n\t\t<\/section>\n\t\t\t\t<section class=\"elementor-section elementor-top-section elementor-element elementor-element-0082f9f elementor-section-boxed elementor-section-height-default elementor-section-height-default\" data-id=\"0082f9f\" data-element_type=\"section\">\n\t\t\t\t\t\t<div class=\"elementor-container elementor-column-gap-default\">\n\t\t\t\t\t<div class=\"elementor-column elementor-col-100 elementor-top-column elementor-element elementor-element-24019a4\" data-id=\"24019a4\" data-element_type=\"column\">\n\t\t\t<div class=\"elementor-widget-wrap elementor-element-populated\">\n\t\t\t\t\t\t<div class=\"elementor-element elementor-element-ed87a99 elementor-widget elementor-widget-text-editor\" data-id=\"ed87a99\" data-element_type=\"widget\" data-widget_type=\"text-editor.default\">\n\t\t\t\t<div class=\"elementor-widget-container\">\n\t\t\t\t\t\t\t\t\t<div class=\"wpb_text_column wpb_content_element big\"><div class=\"wpb_wrapper\"><div class=\"wpb_text_column wpb_content_element \"><div class=\"wpb_wrapper\"><div class=\"wpb_text_column wpb_content_element \"><div class=\"wpb_wrapper\"><p>\u00bfSab\u00eda que m\u00e1s del 26% de la carga en M\u00e9xico se transporta por tren? El transporte ferroviario se utiliza cada vez con mayor frecuencia para mover carga muy pesada, toneladas de mercanc\u00eda y se complementa por ser un transporte cada vez m\u00e1s seguro a nivel internacional.<\/p><p>Una gran ventaja que cuenta el sistema ferroviario, es, la estabilidad en precios, capacidad de carga m\u00e1s grande que un cami\u00f3n y es altamente eficiente para mercanc\u00eda a granel.<\/p><p>Este sistema de transporte tiene una baja tasa de siniestralidad y uno de los mayores beneficios es la practicidad que tiene para poder cargar un veh\u00edculo de carretera o mar\u00edtimo poni\u00e9ndolo directamente en un vag\u00f3n, por lo que la mercanc\u00eda siempre est\u00e1 en la misma unidad, sin necesidad de trasbordos; as\u00ed como contenedores, cajas furgones, g\u00f3ndolas, isotanques, etc., estos se pueden montar en las plataformas del tren.<\/p><p>Es considerado la mejor opci\u00f3n por contar con la ruta m\u00e1s corta y directa para el transporte de mercanc\u00edas entre M\u00e9xico, Estados Unidos y Canad\u00e1.<\/p><p>Operando con una l\u00ednea que cruza los principales centros industriales y conecta los puertos y conecta con los diferentes puertos de carga de estos 3 pa\u00edses.<\/p><p>RG Worldwide le ofrece el mejor servicio log\u00edstico para su carga entre las v\u00edas ferroviarias y puntos de recolecci\u00f3n y entrega de sus embarques de tal manera poder combinar modalidades de mar\u00edtimo y terrestre.<\/p><\/div><\/div><\/div><\/div><\/div><\/div>\t\t\t\t\t\t\t\t<\/div>\n\t\t\t\t<\/div>\n\t\t\t\t<div class=\"elementor-element elementor-element-49bc15f elementor-widget elementor-widget-image\" data-id=\"49bc15f\" data-element_type=\"widget\" data-widget_type=\"image.default\">\n\t\t\t\t<div class=\"elementor-widget-container\">\n\t\t\t\t\t\t\t\t\t\t\t\t\t\t\t<img decoding=\"async\" width=\"1920\" height=\"636\" src=\"https:\/\/rgworldwide.mx\/site\/wp-content\/uploads\/2020\/06\/TREN1.jpg\" class=\"attachment-full size-full wp-image-411\" alt=\"\" srcset=\"https:\/\/rgworldwide.mx\/site\/wp-content\/uploads\/2020\/06\/TREN1.jpg 1920w, https:\/\/rgworldwide.mx\/site\/wp-content\/uploads\/2020\/06\/TREN1-300x99.jpg 300w, https:\/\/rgworldwide.mx\/site\/wp-content\/uploads\/2020\/06\/TREN1-768x254.jpg 768w, https:\/\/rgworldwide.mx\/site\/wp-content\/uploads\/2020\/06\/TREN1-1024x339.jpg 1024w, https:\/\/rgworldwide.mx\/site\/wp-content\/uploads\/2020\/06\/TREN1-1568x519.jpg 1568w\" sizes=\"(max-width: 1920px) 100vw, 1920px\" \/>\t\t\t\t\t\t\t\t\t\t\t\t\t\t\t<\/div>\n\t\t\t\t<\/div>\n\t\t\t\t<section class=\"elementor-section elementor-inner-section elementor-element elementor-element-072f719 elementor-section-boxed elementor-section-height-default elementor-section-height-default\" data-id=\"072f719\" data-element_type=\"section\">\n\t\t\t\t\t\t<div class=\"elementor-container elementor-column-gap-default\">\n\t\t\t\t\t<div class=\"elementor-column elementor-col-100 elementor-inner-column elementor-element elementor-element-69462b0\" data-id=\"69462b0\" data-element_type=\"column\">\n\t\t\t<div class=\"elementor-widget-wrap elementor-element-populated\">\n\t\t\t\t\t\t<div class=\"elementor-element elementor-element-ff96e52 elementor-invisible elementor-widget elementor-widget-heading\" data-id=\"ff96e52\" data-element_type=\"widget\" data-settings=\"{&quot;_animation&quot;:&quot;fadeIn&quot;}\" data-widget_type=\"heading.default\">\n\t\t\t\t<div class=\"elementor-widget-container\">\n\t\t\t\t\t<h3 class=\"elementor-heading-title elementor-size-default\">Si a usted le interesa este servicio, no dude en contactarnos<\/h3>\t\t\t\t<\/div>\n\t\t\t\t<\/div>\n\t\t\t\t<div class=\"elementor-element elementor-element-c9a6194 elementor-align-center elementor-widget elementor-widget-button\" data-id=\"c9a6194\" data-element_type=\"widget\" data-widget_type=\"button.default\">\n\t\t\t\t<div class=\"elementor-widget-container\">\n\t\t\t\t\t\t\t\t\t<div class=\"elementor-button-wrapper\">\n\t\t\t\t\t<a class=\"elementor-button elementor-button-link elementor-size-sm\" href=\"http:\/\/rgworldwide.mx\/site\/index.php\/contacto\/\">\n\t\t\t\t\t\t<span class=\"elementor-button-content-wrapper\">\n\t\t\t\t\t\t\t\t\t<span class=\"elementor-button-text\">SOLICITAR INFORMACI\u00d3N<\/span>\n\t\t\t\t\t<\/span>\n\t\t\t\t\t<\/a>\n\t\t\t\t<\/div>\n\t\t\t\t\t\t\t\t<\/div>\n\t\t\t\t<\/div>\n\t\t\t\t\t<\/div>\n\t\t<\/div>\n\t\t\t\t\t<\/div>\n\t\t<\/section>\n\t\t\t\t\t<\/div>\n\t\t<\/div>\n\t\t\t\t\t<\/div>\n\t\t<\/section>\n\t\t\t\t<section class=\"elementor-section elementor-top-section elementor-element elementor-element-5d9a505 elementor-section-boxed elementor-section-height-default elementor-section-height-default\" data-id=\"5d9a505\" data-element_type=\"section\" data-settings=\"{&quot;background_background&quot;:&quot;classic&quot;}\">\n\t\t\t\t\t\t<div class=\"elementor-container elementor-column-gap-default\">\n\t\t\t\t\t<div class=\"elementor-column elementor-col-100 elementor-top-column elementor-element elementor-element-afe5a1e\" data-id=\"afe5a1e\" data-element_type=\"column\">\n\t\t\t<div class=\"elementor-widget-wrap elementor-element-populated\">\n\t\t\t\t\t\t<div class=\"elementor-element elementor-element-5238d54 elementor-widget elementor-widget-spacer\" data-id=\"5238d54\" data-element_type=\"widget\" data-widget_type=\"spacer.default\">\n\t\t\t\t<div class=\"elementor-widget-container\">\n\t\t\t\t\t\t\t<div class=\"elementor-spacer\">\n\t\t\t<div class=\"elementor-spacer-inner\"><\/div>\n\t\t<\/div>\n\t\t\t\t\t\t<\/div>\n\t\t\t\t<\/div>\n\t\t\t\t\t<\/div>\n\t\t<\/div>\n\t\t\t\t\t<\/div>\n\t\t<\/section>\n\t\t\t\t<section class=\"elementor-section elementor-top-section elementor-element elementor-element-30dfd4c elementor-section-boxed elementor-section-height-default elementor-section-height-default\" data-id=\"30dfd4c\" data-element_type=\"section\" data-settings=\"{&quot;background_background&quot;:&quot;classic&quot;}\">\n\t\t\t\t\t\t<div class=\"elementor-container elementor-column-gap-default\">\n\t\t\t\t\t<div class=\"elementor-column elementor-col-25 elementor-top-column elementor-element elementor-element-687fdeb\" data-id=\"687fdeb\" data-element_type=\"column\">\n\t\t\t<div class=\"elementor-widget-wrap elementor-element-populated\">\n\t\t\t\t\t\t<div class=\"elementor-element elementor-element-f7ddb55 elementor-widget elementor-widget-heading\" data-id=\"f7ddb55\" data-element_type=\"widget\" data-widget_type=\"heading.default\">\n\t\t\t\t<div class=\"elementor-widget-container\">\n\t\t\t\t\t<h3 class=\"elementor-heading-title elementor-size-default\"><a href=\"http:\/\/rgworldwide.mx\/site\/index.php\/comercializadora-de-importaciones-y-exportaciones\/\">Comercializadora de Importaciones y Exportaciones<\/a><\/h3>\t\t\t\t<\/div>\n\t\t\t\t<\/div>\n\t\t\t\t<div class=\"elementor-element elementor-element-11f17b1 elementor-widget elementor-widget-text-editor\" data-id=\"11f17b1\" data-element_type=\"widget\" data-widget_type=\"text-editor.default\">\n\t\t\t\t<div class=\"elementor-widget-container\">\n\t\t\t\t\t\t\t\t\t<p><a href=\"http:\/\/rgworldwide.mx\/site\/index.php\/padron-general-de-importadores\/\">Padr\u00f3n General de Importadores.<\/a><\/p><p><a href=\"http:\/\/rgworldwide.mx\/site\/index.php\/padron-de-importadores-textil-y-confeccion\/\">Padr\u00f3n de Importadores Textil y Confecci\u00f3n.<\/a><\/p><p><a href=\"http:\/\/rgworldwide.mx\/site\/index.php\/padron-de-importadores-de-calzado\/\">Padr\u00f3n de Importadores de Calzado.<\/a><\/p><p><a href=\"http:\/\/rgworldwide.mx\/site\/index.php\/padron-siderurgico-y-de-productos-siderurgicos\/\">Padr\u00f3n Sider\u00fargico y Padr\u00f3n de Productos Sider\u00fargicos.<\/a><\/p><p><a href=\"http:\/\/rgworldwide.mx\/site\/index.php\/padron-de-exportacion-de-sectores-especificos\/\">Padr\u00f3n de Exportaci\u00f3n de Sectores Espec\u00edficos.<\/a><\/p>\t\t\t\t\t\t\t\t<\/div>\n\t\t\t\t<\/div>\n\t\t\t\t\t<\/div>\n\t\t<\/div>\n\t\t\t\t<div class=\"elementor-column elementor-col-25 elementor-top-column elementor-element elementor-element-cddd4a5\" data-id=\"cddd4a5\" data-element_type=\"column\">\n\t\t\t<div class=\"elementor-widget-wrap elementor-element-populated\">\n\t\t\t\t\t\t<div class=\"elementor-element elementor-element-02ec45b elementor-widget elementor-widget-heading\" data-id=\"02ec45b\" data-element_type=\"widget\" data-widget_type=\"heading.default\">\n\t\t\t\t<div class=\"elementor-widget-container\">\n\t\t\t\t\t<h3 class=\"elementor-heading-title elementor-size-default\"><a href=\"http:\/\/rgworldwide.mx\/site\/index.php\/logistica-integral-en-exportaciones\/\">Log\u00edstica Integral en Exportaciones<\/a><\/h3>\t\t\t\t<\/div>\n\t\t\t\t<\/div>\n\t\t\t\t<div class=\"elementor-element elementor-element-34e1152 elementor-widget elementor-widget-text-editor\" data-id=\"34e1152\" data-element_type=\"widget\" data-widget_type=\"text-editor.default\">\n\t\t\t\t<div class=\"elementor-widget-container\">\n\t\t\t\t\t\t\t\t\t<p><a href=\"http:\/\/rgworldwide.mx\/site\/index.php\/exportacion-en-centroamerica\/\">Exportaci\u00f3n en Centroam\u00e9rica.<\/a><\/p><p><a href=\"http:\/\/rgworldwide.mx\/site\/index.php\/exportacion-a-estados-unidos-y-canada\/\">Exportaci\u00f3n a Estados Unidos y Canad\u00e1.<\/a><\/p><p><a href=\"http:\/\/rgworldwide.mx\/site\/index.php\/exportacion-a-sudamerica-europa-asia-y-africa\/\">Exportaci\u00f3n a Sudam\u00e9rica, Europa, Asia y \u00c1frica.<\/a><\/p>\t\t\t\t\t\t\t\t<\/div>\n\t\t\t\t<\/div>\n\t\t\t\t\t<\/div>\n\t\t<\/div>\n\t\t\t\t<div class=\"elementor-column elementor-col-25 elementor-top-column elementor-element elementor-element-88fcb24\" data-id=\"88fcb24\" data-element_type=\"column\">\n\t\t\t<div class=\"elementor-widget-wrap elementor-element-populated\">\n\t\t\t\t\t\t<div class=\"elementor-element elementor-element-0773cf7 elementor-widget elementor-widget-heading\" data-id=\"0773cf7\" data-element_type=\"widget\" data-widget_type=\"heading.default\">\n\t\t\t\t<div class=\"elementor-widget-container\">\n\t\t\t\t\t<h3 class=\"elementor-heading-title elementor-size-default\"><a href=\"http:\/\/rgworldwide.mx\/site\/index.php\/fletes-seguros-aduanas-y-permisos-de-importacion\/\">Fletes, Seguros, Aduanas y Permisos de Importaci\u00f3n<\/a><\/h3>\t\t\t\t<\/div>\n\t\t\t\t<\/div>\n\t\t\t\t<div class=\"elementor-element elementor-element-f06626f elementor-widget elementor-widget-text-editor\" data-id=\"f06626f\" data-element_type=\"widget\" data-widget_type=\"text-editor.default\">\n\t\t\t\t<div class=\"elementor-widget-container\">\n\t\t\t\t\t\t\t\t\t<p><a href=\"http:\/\/rgworldwide.mx\/site\/index.php\/fletes-terrestres\/\">Fletes terrestres.<\/a><\/p><p><a href=\"http:\/\/rgworldwide.mx\/site\/index.php\/fletes-maritimos\/\">Fletes Mar\u00edtimos.<\/a><\/p><p><a href=\"http:\/\/rgworldwide.mx\/site\/index.php\/fletes-aereos\/\">Fletes A\u00e9reos.<\/a><\/p><p><a href=\"http:\/\/rgworldwide.mx\/site\/index.php\/ffcc\/\">F.F.C.C.<\/a><\/p><p><a href=\"http:\/\/rgworldwide.mx\/site\/index.php\/flete-multimodal\/\">Flete Multimodal.<\/a><\/p><p><a href=\"http:\/\/rgworldwide.mx\/site\/index.php\/seguros\/\">Seguros.<\/a><\/p><p><a href=\"http:\/\/rgworldwide.mx\/site\/index.php\/aduanas\/\">Aduanas.<\/a><\/p><p><a href=\"http:\/\/rgworldwide.mx\/site\/index.php\/permisos-de-importacion\/\">Permisos de Importaci\u00f3n.<\/a><\/p>\t\t\t\t\t\t\t\t<\/div>\n\t\t\t\t<\/div>\n\t\t\t\t\t<\/div>\n\t\t<\/div>\n\t\t\t\t<div class=\"elementor-column elementor-col-25 elementor-top-column elementor-element elementor-element-63eaf32\" data-id=\"63eaf32\" data-element_type=\"column\">\n\t\t\t<div class=\"elementor-widget-wrap elementor-element-populated\">\n\t\t\t\t\t\t<div class=\"elementor-element elementor-element-3ab17d5 elementor-widget elementor-widget-heading\" data-id=\"3ab17d5\" data-element_type=\"widget\" data-widget_type=\"heading.default\">\n\t\t\t\t<div class=\"elementor-widget-container\">\n\t\t\t\t\t<h3 class=\"elementor-heading-title elementor-size-default\"><a href=\"http:\/\/rgworldwide.mx\/site\/index.php\/bodega-almacenaje-y-distribucion\/\">Bodega, Almacenaje y Distribuci\u00f3n<\/a><\/h3>\t\t\t\t<\/div>\n\t\t\t\t<\/div>\n\t\t\t\t<div class=\"elementor-element elementor-element-d967bb0 elementor-widget elementor-widget-heading\" data-id=\"d967bb0\" data-element_type=\"widget\" data-widget_type=\"heading.default\">\n\t\t\t\t<div class=\"elementor-widget-container\">\n\t\t\t\t\t<h3 class=\"elementor-heading-title elementor-size-default\"><a href=\"http:\/\/rgworldwide.mx\/site\/index.php\/fda\/\">FDA: Food and Drug Administration<\/a><\/h3>\t\t\t\t<\/div>\n\t\t\t\t<\/div>\n\t\t\t\t<div class=\"elementor-element elementor-element-355b1ba elementor-widget elementor-widget-heading\" data-id=\"355b1ba\" data-element_type=\"widget\" data-widget_type=\"heading.default\">\n\t\t\t\t<div class=\"elementor-widget-container\">\n\t\t\t\t\t<h3 class=\"elementor-heading-title elementor-size-default\"><a href=\"http:\/\/rgworldwide.mx\/site\/index.php\/servicios-legales-en-comercio-exterior\/\">Servicios Legales en Comercio Exterior<\/a><\/h3>\t\t\t\t<\/div>\n\t\t\t\t<\/div>\n\t\t\t\t\t<\/div>\n\t\t<\/div>\n\t\t\t\t\t<\/div>\n\t\t<\/section>\n\t\t\t\t<section class=\"elementor-section elementor-top-section elementor-element elementor-element-1be4c4f elementor-section-boxed elementor-section-height-default elementor-section-height-default\" data-id=\"1be4c4f\" data-element_type=\"section\" data-settings=\"{&quot;background_background&quot;:&quot;classic&quot;}\">\n\t\t\t\t\t\t<div class=\"elementor-container elementor-column-gap-default\">\n\t\t\t\t\t<div class=\"elementor-column elementor-col-100 elementor-top-column elementor-element elementor-element-10de454\" data-id=\"10de454\" data-element_type=\"column\">\n\t\t\t<div class=\"elementor-widget-wrap elementor-element-populated\">\n\t\t\t\t\t\t<div class=\"elementor-element elementor-element-c34fb99 elementor-widget elementor-widget-text-editor\" data-id=\"c34fb99\" data-element_type=\"widget\" data-widget_type=\"text-editor.default\">\n\t\t\t\t<div class=\"elementor-widget-container\">\n\t\t\t\t\t\t\t\t\t<p>Copyright 2020 \u00a9 RG Worldwide. Todos los derechos reservados. P\u00e1gina dise\u00f1ada y desarrollada por <a href=\"http:\/\/www.brainersocial.mx\">Brainer Social<\/a>.<\/p>\t\t\t\t\t\t\t\t<\/div>\n\t\t\t\t<\/div>\n\t\t\t\t\t<\/div>\n\t\t<\/div>\n\t\t\t\t\t<\/div>\n\t\t<\/section>\n\t\t\t\t<\/div>\n\t\t","protected":false},"excerpt":{"rendered":"<p>Nosotros Servicios Comercializadora de importaciones y exportaciones Padr\u00f3n General de Importadores Padr\u00f3n de Importadores Textil y Confecci\u00f3n Padr\u00f3n de Importadores de Calzado Padr\u00f3n Sider\u00fargico y de Productos Sider\u00fargicos Padr\u00f3n de Exportaci\u00f3n de Sectores Espec\u00edficos Logistica Integral en Exportaciones Exportaci\u00f3n a Centroam\u00e9rica Exportaci\u00f3n a Estados Unidos y Canad\u00e1 Exportaci\u00f3n a Sudam\u00e9rica Europa Asia y \u00c1frica Fletes, [&hellip;]<\/p>\n","protected":false},"author":1,"featured_media":0,"parent":0,"menu_order":0,"comment_status":"closed","ping_status":"closed","template":"elementor_header_footer","meta":{"footnotes":""},"class_list":["post-242","page","type-page","status-publish","hentry","entry"],"_links":{"self":[{"href":"https:\/\/rgworldwide.mx\/site\/index.php\/wp-json\/wp\/v2\/pages\/242","targetHints":{"allow":["GET"]}}],"collection":[{"href":"https:\/\/rgworldwide.mx\/site\/index.php\/wp-json\/wp\/v2\/pages"}],"about":[{"href":"https:\/\/rgworldwide.mx\/site\/index.php\/wp-json\/wp\/v2\/types\/page"}],"author":[{"embeddable":true,"href":"https:\/\/rgworldwide.mx\/site\/index.php\/wp-json\/wp\/v2\/users\/1"}],"replies":[{"embeddable":true,"href":"https:\/\/rgworldwide.mx\/site\/index.php\/wp-json\/wp\/v2\/comments?post=242"}],"version-history":[{"count":0,"href":"https:\/\/rgworldwide.mx\/site\/index.php\/wp-json\/wp\/v2\/pages\/242\/revisions"}],"wp:attachment":[{"href":"https:\/\/rgworldwide.mx\/site\/index.php\/wp-json\/wp\/v2\/media?parent=242"}],"curies":[{"name":"wp","href":"https:\/\/api.w.org\/{rel}","templated":true}]}}