{"id":285,"date":"2020-06-03T17:50:55","date_gmt":"2020-06-03T17:50:55","guid":{"rendered":"http:\/\/rgworldwide.mx\/site\/?page_id=285"},"modified":"2020-07-01T18:58:41","modified_gmt":"2020-07-01T18:58:41","slug":"fda","status":"publish","type":"page","link":"https:\/\/rgworldwide.mx\/site\/index.php\/fda\/","title":{"rendered":"FDA"},"content":{"rendered":"\t\t<div data-elementor-type=\"wp-page\" data-elementor-id=\"285\" class=\"elementor elementor-285\">\n\t\t\t\t\t\t<section class=\"elementor-section elementor-top-section elementor-element elementor-element-ce67341 she-header-yes elementor-section-boxed elementor-section-height-default elementor-section-height-default\" data-id=\"ce67341\" data-element_type=\"section\" data-settings=\"{&quot;transparent&quot;:&quot;yes&quot;,&quot;transparent_on&quot;:[&quot;desktop&quot;],&quot;scroll_distance&quot;:{&quot;unit&quot;:&quot;px&quot;,&quot;size&quot;:0,&quot;sizes&quot;:[]},&quot;background_show&quot;:&quot;yes&quot;,&quot;background&quot;:&quot;#FFFFFF&quot;,&quot;shrink_header&quot;:&quot;yes&quot;,&quot;custom_height_header&quot;:{&quot;unit&quot;:&quot;px&quot;,&quot;size&quot;:8,&quot;sizes&quot;:[]},&quot;scroll_distance_tablet&quot;:{&quot;unit&quot;:&quot;px&quot;,&quot;size&quot;:&quot;&quot;,&quot;sizes&quot;:[]},&quot;scroll_distance_mobile&quot;:{&quot;unit&quot;:&quot;px&quot;,&quot;size&quot;:&quot;&quot;,&quot;sizes&quot;:[]},&quot;she_offset_top&quot;:{&quot;unit&quot;:&quot;px&quot;,&quot;size&quot;:0,&quot;sizes&quot;:[]},&quot;she_offset_top_tablet&quot;:{&quot;unit&quot;:&quot;px&quot;,&quot;size&quot;:&quot;&quot;,&quot;sizes&quot;:[]},&quot;she_offset_top_mobile&quot;:{&quot;unit&quot;:&quot;px&quot;,&quot;size&quot;:&quot;&quot;,&quot;sizes&quot;:[]},&quot;she_width&quot;:{&quot;unit&quot;:&quot;%&quot;,&quot;size&quot;:100,&quot;sizes&quot;:[]},&quot;she_width_tablet&quot;:{&quot;unit&quot;:&quot;px&quot;,&quot;size&quot;:&quot;&quot;,&quot;sizes&quot;:[]},&quot;she_width_mobile&quot;:{&quot;unit&quot;:&quot;px&quot;,&quot;size&quot;:&quot;&quot;,&quot;sizes&quot;:[]},&quot;she_padding&quot;:{&quot;unit&quot;:&quot;px&quot;,&quot;top&quot;:0,&quot;right&quot;:&quot;&quot;,&quot;bottom&quot;:0,&quot;left&quot;:&quot;&quot;,&quot;isLinked&quot;:true},&quot;she_padding_tablet&quot;:{&quot;unit&quot;:&quot;px&quot;,&quot;top&quot;:&quot;&quot;,&quot;right&quot;:&quot;&quot;,&quot;bottom&quot;:&quot;&quot;,&quot;left&quot;:&quot;&quot;,&quot;isLinked&quot;:true},&quot;she_padding_mobile&quot;:{&quot;unit&quot;:&quot;px&quot;,&quot;top&quot;:&quot;&quot;,&quot;right&quot;:&quot;&quot;,&quot;bottom&quot;:&quot;&quot;,&quot;left&quot;:&quot;&quot;,&quot;isLinked&quot;:true},&quot;custom_height_header_tablet&quot;:{&quot;unit&quot;:&quot;px&quot;,&quot;size&quot;:&quot;&quot;,&quot;sizes&quot;:[]},&quot;custom_height_header_mobile&quot;:{&quot;unit&quot;:&quot;px&quot;,&quot;size&quot;:&quot;&quot;,&quot;sizes&quot;:[]}}\">\n\t\t\t\t\t\t<div class=\"elementor-container elementor-column-gap-default\">\n\t\t\t\t\t<div class=\"elementor-column elementor-col-50 elementor-top-column elementor-element elementor-element-975af89\" data-id=\"975af89\" data-element_type=\"column\">\n\t\t\t<div class=\"elementor-widget-wrap elementor-element-populated\">\n\t\t\t\t\t\t<div class=\"elementor-element elementor-element-09a0c8a elementor-invisible elementor-widget elementor-widget-image\" data-id=\"09a0c8a\" data-element_type=\"widget\" data-settings=\"{&quot;_animation&quot;:&quot;fadeInLeft&quot;}\" data-widget_type=\"image.default\">\n\t\t\t\t<div class=\"elementor-widget-container\">\n\t\t\t\t\t\t\t\t\t\t\t\t\t\t\t\t<a href=\"http:\/\/rgworldwide.mx\/site\/\">\n\t\t\t\t\t\t\t<img fetchpriority=\"high\" decoding=\"async\" width=\"640\" height=\"288\" src=\"https:\/\/rgworldwide.mx\/site\/wp-content\/uploads\/2020\/06\/weblogo.png\" class=\"attachment-large size-large wp-image-643\" alt=\"\" srcset=\"https:\/\/rgworldwide.mx\/site\/wp-content\/uploads\/2020\/06\/weblogo.png 666w, https:\/\/rgworldwide.mx\/site\/wp-content\/uploads\/2020\/06\/weblogo-300x135.png 300w\" sizes=\"(max-width: 640px) 100vw, 640px\" \/>\t\t\t\t\t\t\t\t<\/a>\n\t\t\t\t\t\t\t\t\t\t\t\t\t\t\t<\/div>\n\t\t\t\t<\/div>\n\t\t\t\t\t<\/div>\n\t\t<\/div>\n\t\t\t\t<div class=\"elementor-column elementor-col-50 elementor-top-column elementor-element elementor-element-1ef59b0\" data-id=\"1ef59b0\" data-element_type=\"column\">\n\t\t\t<div class=\"elementor-widget-wrap\">\n\t\t\t\t\t\t\t<\/div>\n\t\t<\/div>\n\t\t\t\t\t<\/div>\n\t\t<\/section>\n\t\t\t\t<section class=\"elementor-section elementor-top-section elementor-element elementor-element-b569f2a elementor-section-boxed elementor-section-height-default elementor-section-height-default\" data-id=\"b569f2a\" data-element_type=\"section\" data-settings=\"{&quot;background_background&quot;:&quot;classic&quot;}\">\n\t\t\t\t\t\t<div class=\"elementor-container elementor-column-gap-default\">\n\t\t\t\t\t<div class=\"elementor-column elementor-col-100 elementor-top-column elementor-element elementor-element-a24901f\" data-id=\"a24901f\" data-element_type=\"column\">\n\t\t\t<div class=\"elementor-widget-wrap elementor-element-populated\">\n\t\t\t\t\t\t<div class=\"elementor-element elementor-element-eacf69f elementor-widget elementor-widget-text-editor\" data-id=\"eacf69f\" data-element_type=\"widget\" data-widget_type=\"text-editor.default\">\n\t\t\t\t<div class=\"elementor-widget-container\">\n\t\t\t\t\t\t\t\t\t<p><a href=\"http:\/\/rgworldwide.mx\/site\">Inicio<\/a>\u00a0 &gt;\u00a0 <a href=\"http:\/\/rgworldwide.mx\/site\/index.php\/servicios\/\">Servicios<\/a> &gt; FDA: Food and Drug Administration<\/p>\t\t\t\t\t\t\t\t<\/div>\n\t\t\t\t<\/div>\n\t\t\t\t\t<\/div>\n\t\t<\/div>\n\t\t\t\t\t<\/div>\n\t\t<\/section>\n\t\t\t\t<section class=\"elementor-section elementor-top-section elementor-element elementor-element-23f417b elementor-section-height-min-height elementor-section-boxed elementor-section-height-default elementor-section-items-middle\" data-id=\"23f417b\" data-element_type=\"section\" data-settings=\"{&quot;background_background&quot;:&quot;classic&quot;}\">\n\t\t\t\t\t\t<div class=\"elementor-container elementor-column-gap-default\">\n\t\t\t\t\t<div class=\"elementor-column elementor-col-100 elementor-top-column elementor-element elementor-element-187897c\" data-id=\"187897c\" data-element_type=\"column\">\n\t\t\t<div class=\"elementor-widget-wrap\">\n\t\t\t\t\t\t\t<\/div>\n\t\t<\/div>\n\t\t\t\t\t<\/div>\n\t\t<\/section>\n\t\t\t\t<section class=\"elementor-section elementor-top-section elementor-element elementor-element-89d089c elementor-section-boxed elementor-section-height-default elementor-section-height-default\" data-id=\"89d089c\" data-element_type=\"section\">\n\t\t\t\t\t\t<div class=\"elementor-container elementor-column-gap-default\">\n\t\t\t\t\t<div class=\"elementor-column elementor-col-100 elementor-top-column elementor-element elementor-element-4c7d088\" data-id=\"4c7d088\" data-element_type=\"column\">\n\t\t\t<div class=\"elementor-widget-wrap elementor-element-populated\">\n\t\t\t\t\t\t<div class=\"elementor-element elementor-element-e7ceb04 elementor-widget elementor-widget-spacer\" data-id=\"e7ceb04\" data-element_type=\"widget\" data-widget_type=\"spacer.default\">\n\t\t\t\t<div class=\"elementor-widget-container\">\n\t\t\t\t\t\t\t<div class=\"elementor-spacer\">\n\t\t\t<div class=\"elementor-spacer-inner\"><\/div>\n\t\t<\/div>\n\t\t\t\t\t\t<\/div>\n\t\t\t\t<\/div>\n\t\t\t\t<div class=\"elementor-element elementor-element-262a271 elementor-invisible elementor-widget elementor-widget-heading\" data-id=\"262a271\" data-element_type=\"widget\" data-settings=\"{&quot;_animation&quot;:&quot;fadeIn&quot;}\" data-widget_type=\"heading.default\">\n\t\t\t\t<div class=\"elementor-widget-container\">\n\t\t\t\t\t<h3 class=\"elementor-heading-title elementor-size-default\">FDA: Food and Drug Administration<\/h3>\t\t\t\t<\/div>\n\t\t\t\t<\/div>\n\t\t\t\t<section class=\"elementor-section elementor-inner-section elementor-element elementor-element-5734f3b elementor-section-boxed elementor-section-height-default elementor-section-height-default\" data-id=\"5734f3b\" data-element_type=\"section\">\n\t\t\t\t\t\t<div class=\"elementor-container elementor-column-gap-default\">\n\t\t\t\t\t<div class=\"elementor-column elementor-col-100 elementor-inner-column elementor-element elementor-element-d97d1b0\" data-id=\"d97d1b0\" data-element_type=\"column\">\n\t\t\t<div class=\"elementor-widget-wrap elementor-element-populated\">\n\t\t\t\t\t\t<div class=\"elementor-element elementor-element-c62edfb elementor-widget elementor-widget-text-editor\" data-id=\"c62edfb\" data-element_type=\"widget\" data-widget_type=\"text-editor.default\">\n\t\t\t\t<div class=\"elementor-widget-container\">\n\t\t\t\t\t\t\t\t\t<div class=\"wpb_text_column wpb_content_element big\"><div class=\"wpb_wrapper\"><div class=\"wpb_text_column wpb_content_element \"><div class=\"wpb_wrapper\"><p>La F.D.A. (<em>Food and Drug Administration<\/em>) es la agencia dentro del Departamento de Salud y Servicios Humanos de los Estados Unidos que regula el acceso a este pa\u00eds tanto de alimentos como medicamentos.<\/p><p>El registro ante la F.D.A. es requerido a todas las compa\u00f1\u00edas que manufacturan, procesan, empacan, o almacenan alimentos, bebidas o medicamentos que ser\u00e1n comercializados en los Estados Unidos de Am\u00e9rica.<\/p><p>Con gran experiencia y capacitaci\u00f3n en este tipo de tr\u00e1mites, ponemos a su disposici\u00f3n los siguientes servicios:<\/p><ul><li>Asesor\u00eda para tr\u00e1mites ante la F.D.A.<\/li><li>Registro y alta de empresas ante la F.D.A.<\/li><li>Revisi\u00f3n y cumplimiento en el etiquetado de conformidad con las normas de la F.D.A.<\/li><li>Elaboraci\u00f3n del\u00a0<em>prior notice<\/em>\u00a0(para env\u00edo de muestras a los Estados Unidos)<\/li><\/ul><\/div><\/div><\/div><\/div>\t\t\t\t\t\t\t\t<\/div>\n\t\t\t\t<\/div>\n\t\t\t\t\t<\/div>\n\t\t<\/div>\n\t\t\t\t\t<\/div>\n\t\t<\/section>\n\t\t\t\t<section class=\"elementor-section elementor-inner-section elementor-element elementor-element-98395b0 elementor-section-boxed elementor-section-height-default elementor-section-height-default\" data-id=\"98395b0\" data-element_type=\"section\">\n\t\t\t\t\t\t<div class=\"elementor-container elementor-column-gap-default\">\n\t\t\t\t\t<div class=\"elementor-column elementor-col-100 elementor-inner-column elementor-element elementor-element-8834c4b\" data-id=\"8834c4b\" data-element_type=\"column\">\n\t\t\t<div class=\"elementor-widget-wrap elementor-element-populated\">\n\t\t\t\t\t\t<div class=\"elementor-element elementor-element-f885b7d elementor-widget elementor-widget-text-editor\" data-id=\"f885b7d\" data-element_type=\"widget\" data-widget_type=\"text-editor.default\">\n\t\t\t\t<div class=\"elementor-widget-container\">\n\t\t\t\t\t\t\t\t\t<div class=\"wpb_text_column wpb_content_element big\"><div class=\"wpb_wrapper\"><div class=\"wpb_text_column wpb_content_element \"><div class=\"wpb_wrapper\"><div class=\"wpb_text_column wpb_content_element \"><div class=\"wpb_wrapper\"><h4 class=\"vc_custom_heading\">Reglamentos de etiquetado de la F.D.A.<\/h4><div class=\"wpb_text_column wpb_content_element \"><div class=\"wpb_wrapper\"><p>La\u00a0<em>U.S. Federal Food, Drug and Cosmetic Act<\/em>\u00a0(FFDCA) define etiquetado como todas las etiquetas y otro material escrito, impreso o gr\u00e1fico sobre cualquier art\u00edculo o alguno de sus contenedores o envolturas, o que acompa\u00f1a a tal art\u00edculo. El t\u00e9rmino acompa\u00f1ar est\u00e1 interpretado liberalmente para significar m\u00e1s que una asociaci\u00f3n f\u00edsica con el producto. Se extiende a carteles, etiquetas, panfletos, circulares, libretas, folletos, instrucciones, sitios web, etc.<\/p><p>Errores en etiquetado resultan en m\u00e1s del 22% de todas las detenciones en Estados Unidos. RG Worldwide ayuda a las empresas a modificar las etiquetas de alimentos, aparatos m\u00e9dicos, cosm\u00e9ticos o medicamentos para cumplir con las regulaciones de la F.D.A.<\/p><p>Cont\u00e1ctenos, env\u00edenos la ficha t\u00e9cnica de sus productos y lo revisaremos.<\/p><\/div><\/div><\/div><\/div><\/div><\/div><\/div><\/div>\t\t\t\t\t\t\t\t<\/div>\n\t\t\t\t<\/div>\n\t\t\t\t\t<\/div>\n\t\t<\/div>\n\t\t\t\t\t<\/div>\n\t\t<\/section>\n\t\t\t\t\t<\/div>\n\t\t<\/div>\n\t\t\t\t\t<\/div>\n\t\t<\/section>\n\t\t\t\t<section class=\"elementor-section elementor-top-section elementor-element elementor-element-ef4ff47 elementor-section-boxed elementor-section-height-default elementor-section-height-default\" data-id=\"ef4ff47\" data-element_type=\"section\">\n\t\t\t\t\t\t<div class=\"elementor-container elementor-column-gap-default\">\n\t\t\t\t\t<div class=\"elementor-column elementor-col-100 elementor-top-column elementor-element elementor-element-2c5c262\" data-id=\"2c5c262\" data-element_type=\"column\">\n\t\t\t<div class=\"elementor-widget-wrap elementor-element-populated\">\n\t\t\t\t\t\t<section class=\"elementor-section elementor-inner-section elementor-element elementor-element-977db3b elementor-section-boxed elementor-section-height-default elementor-section-height-default\" data-id=\"977db3b\" data-element_type=\"section\">\n\t\t\t\t\t\t<div class=\"elementor-container elementor-column-gap-default\">\n\t\t\t\t\t<div class=\"elementor-column elementor-col-100 elementor-inner-column elementor-element elementor-element-a2a5a6a\" data-id=\"a2a5a6a\" data-element_type=\"column\">\n\t\t\t<div class=\"elementor-widget-wrap elementor-element-populated\">\n\t\t\t\t\t\t<div class=\"elementor-element elementor-element-0dbc907 elementor-invisible elementor-widget elementor-widget-heading\" data-id=\"0dbc907\" data-element_type=\"widget\" data-settings=\"{&quot;_animation&quot;:&quot;fadeIn&quot;}\" data-widget_type=\"heading.default\">\n\t\t\t\t<div class=\"elementor-widget-container\">\n\t\t\t\t\t<h3 class=\"elementor-heading-title elementor-size-default\">Si a usted le interesa este servicio, no dude en contactarnos<\/h3>\t\t\t\t<\/div>\n\t\t\t\t<\/div>\n\t\t\t\t<div class=\"elementor-element elementor-element-a236481 elementor-align-center elementor-widget elementor-widget-button\" data-id=\"a236481\" data-element_type=\"widget\" data-widget_type=\"button.default\">\n\t\t\t\t<div class=\"elementor-widget-container\">\n\t\t\t\t\t\t\t\t\t<div class=\"elementor-button-wrapper\">\n\t\t\t\t\t<a class=\"elementor-button elementor-button-link elementor-size-sm\" href=\"http:\/\/rgworldwide.mx\/site\/index.php\/contacto\/\">\n\t\t\t\t\t\t<span class=\"elementor-button-content-wrapper\">\n\t\t\t\t\t\t\t\t\t<span class=\"elementor-button-text\">SOLICITAR INFORMACI\u00d3N<\/span>\n\t\t\t\t\t<\/span>\n\t\t\t\t\t<\/a>\n\t\t\t\t<\/div>\n\t\t\t\t\t\t\t\t<\/div>\n\t\t\t\t<\/div>\n\t\t\t\t\t<\/div>\n\t\t<\/div>\n\t\t\t\t\t<\/div>\n\t\t<\/section>\n\t\t\t\t\t<\/div>\n\t\t<\/div>\n\t\t\t\t\t<\/div>\n\t\t<\/section>\n\t\t\t\t<section class=\"elementor-section elementor-top-section elementor-element elementor-element-d92144f elementor-section-boxed elementor-section-height-default elementor-section-height-default\" data-id=\"d92144f\" data-element_type=\"section\" data-settings=\"{&quot;background_background&quot;:&quot;classic&quot;}\">\n\t\t\t\t\t\t<div class=\"elementor-container elementor-column-gap-default\">\n\t\t\t\t\t<div class=\"elementor-column elementor-col-100 elementor-top-column elementor-element elementor-element-a488a5c\" data-id=\"a488a5c\" data-element_type=\"column\">\n\t\t\t<div class=\"elementor-widget-wrap elementor-element-populated\">\n\t\t\t\t\t\t<div class=\"elementor-element elementor-element-443bda7 elementor-widget elementor-widget-spacer\" data-id=\"443bda7\" data-element_type=\"widget\" data-widget_type=\"spacer.default\">\n\t\t\t\t<div class=\"elementor-widget-container\">\n\t\t\t\t\t\t\t<div class=\"elementor-spacer\">\n\t\t\t<div class=\"elementor-spacer-inner\"><\/div>\n\t\t<\/div>\n\t\t\t\t\t\t<\/div>\n\t\t\t\t<\/div>\n\t\t\t\t\t<\/div>\n\t\t<\/div>\n\t\t\t\t\t<\/div>\n\t\t<\/section>\n\t\t\t\t<section class=\"elementor-section elementor-top-section elementor-element elementor-element-a435dab elementor-section-boxed elementor-section-height-default elementor-section-height-default\" data-id=\"a435dab\" data-element_type=\"section\" data-settings=\"{&quot;background_background&quot;:&quot;classic&quot;}\">\n\t\t\t\t\t\t<div class=\"elementor-container elementor-column-gap-default\">\n\t\t\t\t\t<div class=\"elementor-column elementor-col-25 elementor-top-column elementor-element elementor-element-b1df605\" data-id=\"b1df605\" data-element_type=\"column\">\n\t\t\t<div class=\"elementor-widget-wrap elementor-element-populated\">\n\t\t\t\t\t\t<div class=\"elementor-element elementor-element-14d62e0 elementor-widget elementor-widget-heading\" data-id=\"14d62e0\" data-element_type=\"widget\" data-widget_type=\"heading.default\">\n\t\t\t\t<div class=\"elementor-widget-container\">\n\t\t\t\t\t<h3 class=\"elementor-heading-title elementor-size-default\"><a href=\"http:\/\/rgworldwide.mx\/site\/index.php\/comercializadora-de-importaciones-y-exportaciones\/\">Comercializadora de Importaciones y Exportaciones<\/a><\/h3>\t\t\t\t<\/div>\n\t\t\t\t<\/div>\n\t\t\t\t<div class=\"elementor-element elementor-element-774a3ba elementor-widget elementor-widget-text-editor\" data-id=\"774a3ba\" data-element_type=\"widget\" data-widget_type=\"text-editor.default\">\n\t\t\t\t<div class=\"elementor-widget-container\">\n\t\t\t\t\t\t\t\t\t<p><a href=\"http:\/\/rgworldwide.mx\/site\/index.php\/padron-general-de-importadores\/\">Padr\u00f3n General de Importadores.<\/a><\/p><p><a href=\"http:\/\/rgworldwide.mx\/site\/index.php\/padron-de-importadores-textil-y-confeccion\/\">Padr\u00f3n de Importadores Textil y Confecci\u00f3n.<\/a><\/p><p><a href=\"http:\/\/rgworldwide.mx\/site\/index.php\/padron-de-importadores-de-calzado\/\">Padr\u00f3n de Importadores de Calzado.<\/a><\/p><p><a href=\"http:\/\/rgworldwide.mx\/site\/index.php\/padron-siderurgico-y-de-productos-siderurgicos\/\">Padr\u00f3n Sider\u00fargico y Padr\u00f3n de Productos Sider\u00fargicos.<\/a><\/p><p><a href=\"http:\/\/rgworldwide.mx\/site\/index.php\/padron-de-exportacion-de-sectores-especificos\/\">Padr\u00f3n de Exportaci\u00f3n de Sectores Espec\u00edficos.<\/a><\/p>\t\t\t\t\t\t\t\t<\/div>\n\t\t\t\t<\/div>\n\t\t\t\t\t<\/div>\n\t\t<\/div>\n\t\t\t\t<div class=\"elementor-column elementor-col-25 elementor-top-column elementor-element elementor-element-e2f4070\" data-id=\"e2f4070\" data-element_type=\"column\">\n\t\t\t<div class=\"elementor-widget-wrap elementor-element-populated\">\n\t\t\t\t\t\t<div class=\"elementor-element elementor-element-f9ff62d elementor-widget elementor-widget-heading\" data-id=\"f9ff62d\" data-element_type=\"widget\" data-widget_type=\"heading.default\">\n\t\t\t\t<div class=\"elementor-widget-container\">\n\t\t\t\t\t<h3 class=\"elementor-heading-title elementor-size-default\"><a href=\"http:\/\/rgworldwide.mx\/site\/index.php\/logistica-integral-en-exportaciones\/\">Log\u00edstica Integral en Exportaciones<\/a><\/h3>\t\t\t\t<\/div>\n\t\t\t\t<\/div>\n\t\t\t\t<div class=\"elementor-element elementor-element-c221abb elementor-widget elementor-widget-text-editor\" data-id=\"c221abb\" data-element_type=\"widget\" data-widget_type=\"text-editor.default\">\n\t\t\t\t<div class=\"elementor-widget-container\">\n\t\t\t\t\t\t\t\t\t<p><a href=\"http:\/\/rgworldwide.mx\/site\/index.php\/exportacion-en-centroamerica\/\">Exportaci\u00f3n en Centroam\u00e9rica.<\/a><\/p><p><a href=\"http:\/\/rgworldwide.mx\/site\/index.php\/exportacion-a-estados-unidos-y-canada\/\">Exportaci\u00f3n a Estados Unidos y Canad\u00e1.<\/a><\/p><p><a href=\"http:\/\/rgworldwide.mx\/site\/index.php\/exportacion-a-sudamerica-europa-asia-y-africa\/\">Exportaci\u00f3n a Sudam\u00e9rica, Europa, Asia y \u00c1frica.<\/a><\/p>\t\t\t\t\t\t\t\t<\/div>\n\t\t\t\t<\/div>\n\t\t\t\t\t<\/div>\n\t\t<\/div>\n\t\t\t\t<div class=\"elementor-column elementor-col-25 elementor-top-column elementor-element elementor-element-d99d9bc\" data-id=\"d99d9bc\" data-element_type=\"column\">\n\t\t\t<div class=\"elementor-widget-wrap elementor-element-populated\">\n\t\t\t\t\t\t<div class=\"elementor-element elementor-element-ecc8a5e elementor-widget elementor-widget-heading\" data-id=\"ecc8a5e\" data-element_type=\"widget\" data-widget_type=\"heading.default\">\n\t\t\t\t<div class=\"elementor-widget-container\">\n\t\t\t\t\t<h3 class=\"elementor-heading-title elementor-size-default\"><a href=\"http:\/\/rgworldwide.mx\/site\/index.php\/fletes-seguros-aduanas-y-permisos-de-importacion\/\">Fletes, Seguros, Aduanas y Permisos de Importaci\u00f3n<\/a><\/h3>\t\t\t\t<\/div>\n\t\t\t\t<\/div>\n\t\t\t\t<div class=\"elementor-element elementor-element-cf5f49f elementor-widget elementor-widget-text-editor\" data-id=\"cf5f49f\" data-element_type=\"widget\" data-widget_type=\"text-editor.default\">\n\t\t\t\t<div class=\"elementor-widget-container\">\n\t\t\t\t\t\t\t\t\t<p><a href=\"http:\/\/rgworldwide.mx\/site\/index.php\/fletes-terrestres\/\">Fletes terrestres.<\/a><\/p><p><a href=\"http:\/\/rgworldwide.mx\/site\/index.php\/fletes-maritimos\/\">Fletes Mar\u00edtimos.<\/a><\/p><p><a href=\"http:\/\/rgworldwide.mx\/site\/index.php\/fletes-aereos\/\">Fletes A\u00e9reos.<\/a><\/p><p><a href=\"http:\/\/rgworldwide.mx\/site\/index.php\/ffcc\/\">F.F.C.C.<\/a><\/p><p><a href=\"http:\/\/rgworldwide.mx\/site\/index.php\/flete-multimodal\/\">Flete Multimodal.<\/a><\/p><p><a href=\"http:\/\/rgworldwide.mx\/site\/index.php\/seguros\/\">Seguros.<\/a><\/p><p><a href=\"http:\/\/rgworldwide.mx\/site\/index.php\/aduanas\/\">Aduanas.<\/a><\/p><p><a href=\"http:\/\/rgworldwide.mx\/site\/index.php\/permisos-de-importacion\/\">Permisos de Importaci\u00f3n.<\/a><\/p>\t\t\t\t\t\t\t\t<\/div>\n\t\t\t\t<\/div>\n\t\t\t\t\t<\/div>\n\t\t<\/div>\n\t\t\t\t<div class=\"elementor-column elementor-col-25 elementor-top-column elementor-element elementor-element-88e9995\" data-id=\"88e9995\" data-element_type=\"column\">\n\t\t\t<div class=\"elementor-widget-wrap elementor-element-populated\">\n\t\t\t\t\t\t<div class=\"elementor-element elementor-element-5f910e8 elementor-widget elementor-widget-heading\" data-id=\"5f910e8\" data-element_type=\"widget\" data-widget_type=\"heading.default\">\n\t\t\t\t<div class=\"elementor-widget-container\">\n\t\t\t\t\t<h3 class=\"elementor-heading-title elementor-size-default\"><a href=\"http:\/\/rgworldwide.mx\/site\/index.php\/bodega-almacenaje-y-distribucion\/\">Bodega, Almacenaje y Distribuci\u00f3n<\/a><\/h3>\t\t\t\t<\/div>\n\t\t\t\t<\/div>\n\t\t\t\t<div class=\"elementor-element elementor-element-d6f9a29 elementor-widget elementor-widget-heading\" data-id=\"d6f9a29\" data-element_type=\"widget\" data-widget_type=\"heading.default\">\n\t\t\t\t<div class=\"elementor-widget-container\">\n\t\t\t\t\t<h3 class=\"elementor-heading-title elementor-size-default\"><a href=\"http:\/\/rgworldwide.mx\/site\/index.php\/fda\/\">FDA: Food and Drug Administration<\/a><\/h3>\t\t\t\t<\/div>\n\t\t\t\t<\/div>\n\t\t\t\t<div class=\"elementor-element elementor-element-ccdb068 elementor-widget elementor-widget-heading\" data-id=\"ccdb068\" data-element_type=\"widget\" data-widget_type=\"heading.default\">\n\t\t\t\t<div class=\"elementor-widget-container\">\n\t\t\t\t\t<h3 class=\"elementor-heading-title elementor-size-default\"><a href=\"http:\/\/rgworldwide.mx\/site\/index.php\/servicios-legales-en-comercio-exterior\/\">Servicios Legales en Comercio Exterior<\/a><\/h3>\t\t\t\t<\/div>\n\t\t\t\t<\/div>\n\t\t\t\t\t<\/div>\n\t\t<\/div>\n\t\t\t\t\t<\/div>\n\t\t<\/section>\n\t\t\t\t<section class=\"elementor-section elementor-top-section elementor-element elementor-element-e7a1acc elementor-section-boxed elementor-section-height-default elementor-section-height-default\" data-id=\"e7a1acc\" data-element_type=\"section\" data-settings=\"{&quot;background_background&quot;:&quot;classic&quot;}\">\n\t\t\t\t\t\t<div class=\"elementor-container elementor-column-gap-default\">\n\t\t\t\t\t<div class=\"elementor-column elementor-col-100 elementor-top-column elementor-element elementor-element-c86357d\" data-id=\"c86357d\" data-element_type=\"column\">\n\t\t\t<div class=\"elementor-widget-wrap elementor-element-populated\">\n\t\t\t\t\t\t<div class=\"elementor-element elementor-element-bc61572 elementor-widget elementor-widget-text-editor\" data-id=\"bc61572\" data-element_type=\"widget\" data-widget_type=\"text-editor.default\">\n\t\t\t\t<div class=\"elementor-widget-container\">\n\t\t\t\t\t\t\t\t\t<p>Copyright 2020 \u00a9 RG Worldwide. Todos los derechos reservados. P\u00e1gina dise\u00f1ada y desarrollada por <a href=\"http:\/\/www.brainersocial.mx\">Brainer Social<\/a>.<\/p>\t\t\t\t\t\t\t\t<\/div>\n\t\t\t\t<\/div>\n\t\t\t\t\t<\/div>\n\t\t<\/div>\n\t\t\t\t\t<\/div>\n\t\t<\/section>\n\t\t\t\t<\/div>\n\t\t","protected":false},"excerpt":{"rendered":"<p>Nosotros Servicios Comercializadora de importaciones y exportaciones Padr\u00f3n General de Importadores Padr\u00f3n de Importadores Textil y Confecci\u00f3n Padr\u00f3n de Importadores de Calzado Padr\u00f3n Sider\u00fargico y de Productos Sider\u00fargicos Padr\u00f3n de Exportaci\u00f3n de Sectores Espec\u00edficos Logistica Integral en Exportaciones Exportaci\u00f3n a Centroam\u00e9rica Exportaci\u00f3n a Estados Unidos y Canad\u00e1 Exportaci\u00f3n a Sudam\u00e9rica Europa Asia y \u00c1frica Fletes, [&hellip;]<\/p>\n","protected":false},"author":1,"featured_media":0,"parent":0,"menu_order":0,"comment_status":"closed","ping_status":"closed","template":"elementor_header_footer","meta":{"footnotes":""},"class_list":["post-285","page","type-page","status-publish","hentry","entry"],"_links":{"self":[{"href":"https:\/\/rgworldwide.mx\/site\/index.php\/wp-json\/wp\/v2\/pages\/285","targetHints":{"allow":["GET"]}}],"collection":[{"href":"https:\/\/rgworldwide.mx\/site\/index.php\/wp-json\/wp\/v2\/pages"}],"about":[{"href":"https:\/\/rgworldwide.mx\/site\/index.php\/wp-json\/wp\/v2\/types\/page"}],"author":[{"embeddable":true,"href":"https:\/\/rgworldwide.mx\/site\/index.php\/wp-json\/wp\/v2\/users\/1"}],"replies":[{"embeddable":true,"href":"https:\/\/rgworldwide.mx\/site\/index.php\/wp-json\/wp\/v2\/comments?post=285"}],"version-history":[{"count":0,"href":"https:\/\/rgworldwide.mx\/site\/index.php\/wp-json\/wp\/v2\/pages\/285\/revisions"}],"wp:attachment":[{"href":"https:\/\/rgworldwide.mx\/site\/index.php\/wp-json\/wp\/v2\/media?parent=285"}],"curies":[{"name":"wp","href":"https:\/\/api.w.org\/{rel}","templated":true}]}}