{"id":88,"date":"2020-06-02T16:13:22","date_gmt":"2020-06-02T16:13:22","guid":{"rendered":"http:\/\/rgworldwide.mx\/site\/?page_id=88"},"modified":"2020-07-01T19:06:29","modified_gmt":"2020-07-01T19:06:29","slug":"nuestra-red","status":"publish","type":"page","link":"https:\/\/rgworldwide.mx\/site\/index.php\/nuestra-red\/","title":{"rendered":"Nuestra Red"},"content":{"rendered":"\t\t<div data-elementor-type=\"wp-page\" data-elementor-id=\"88\" class=\"elementor elementor-88\">\n\t\t\t\t\t\t<section class=\"elementor-section elementor-top-section elementor-element elementor-element-36a2b04 she-header-yes elementor-section-boxed elementor-section-height-default elementor-section-height-default\" data-id=\"36a2b04\" data-element_type=\"section\" data-settings=\"{&quot;transparent&quot;:&quot;yes&quot;,&quot;transparent_on&quot;:[&quot;desktop&quot;],&quot;scroll_distance&quot;:{&quot;unit&quot;:&quot;px&quot;,&quot;size&quot;:0,&quot;sizes&quot;:[]},&quot;background_show&quot;:&quot;yes&quot;,&quot;background&quot;:&quot;#FFFFFF&quot;,&quot;shrink_header&quot;:&quot;yes&quot;,&quot;custom_height_header&quot;:{&quot;unit&quot;:&quot;px&quot;,&quot;size&quot;:8,&quot;sizes&quot;:[]},&quot;scroll_distance_tablet&quot;:{&quot;unit&quot;:&quot;px&quot;,&quot;size&quot;:&quot;&quot;,&quot;sizes&quot;:[]},&quot;scroll_distance_mobile&quot;:{&quot;unit&quot;:&quot;px&quot;,&quot;size&quot;:&quot;&quot;,&quot;sizes&quot;:[]},&quot;she_offset_top&quot;:{&quot;unit&quot;:&quot;px&quot;,&quot;size&quot;:0,&quot;sizes&quot;:[]},&quot;she_offset_top_tablet&quot;:{&quot;unit&quot;:&quot;px&quot;,&quot;size&quot;:&quot;&quot;,&quot;sizes&quot;:[]},&quot;she_offset_top_mobile&quot;:{&quot;unit&quot;:&quot;px&quot;,&quot;size&quot;:&quot;&quot;,&quot;sizes&quot;:[]},&quot;she_width&quot;:{&quot;unit&quot;:&quot;%&quot;,&quot;size&quot;:100,&quot;sizes&quot;:[]},&quot;she_width_tablet&quot;:{&quot;unit&quot;:&quot;px&quot;,&quot;size&quot;:&quot;&quot;,&quot;sizes&quot;:[]},&quot;she_width_mobile&quot;:{&quot;unit&quot;:&quot;px&quot;,&quot;size&quot;:&quot;&quot;,&quot;sizes&quot;:[]},&quot;she_padding&quot;:{&quot;unit&quot;:&quot;px&quot;,&quot;top&quot;:0,&quot;right&quot;:&quot;&quot;,&quot;bottom&quot;:0,&quot;left&quot;:&quot;&quot;,&quot;isLinked&quot;:true},&quot;she_padding_tablet&quot;:{&quot;unit&quot;:&quot;px&quot;,&quot;top&quot;:&quot;&quot;,&quot;right&quot;:&quot;&quot;,&quot;bottom&quot;:&quot;&quot;,&quot;left&quot;:&quot;&quot;,&quot;isLinked&quot;:true},&quot;she_padding_mobile&quot;:{&quot;unit&quot;:&quot;px&quot;,&quot;top&quot;:&quot;&quot;,&quot;right&quot;:&quot;&quot;,&quot;bottom&quot;:&quot;&quot;,&quot;left&quot;:&quot;&quot;,&quot;isLinked&quot;:true},&quot;custom_height_header_tablet&quot;:{&quot;unit&quot;:&quot;px&quot;,&quot;size&quot;:&quot;&quot;,&quot;sizes&quot;:[]},&quot;custom_height_header_mobile&quot;:{&quot;unit&quot;:&quot;px&quot;,&quot;size&quot;:&quot;&quot;,&quot;sizes&quot;:[]}}\">\n\t\t\t\t\t\t<div class=\"elementor-container elementor-column-gap-default\">\n\t\t\t\t\t<div class=\"elementor-column elementor-col-50 elementor-top-column elementor-element elementor-element-0debe6b\" data-id=\"0debe6b\" data-element_type=\"column\">\n\t\t\t<div class=\"elementor-widget-wrap elementor-element-populated\">\n\t\t\t\t\t\t<div class=\"elementor-element elementor-element-b5cccf1 elementor-invisible elementor-widget elementor-widget-image\" data-id=\"b5cccf1\" data-element_type=\"widget\" data-settings=\"{&quot;_animation&quot;:&quot;fadeInLeft&quot;}\" data-widget_type=\"image.default\">\n\t\t\t\t<div class=\"elementor-widget-container\">\n\t\t\t\t\t\t\t\t\t\t\t\t\t\t\t\t<a href=\"http:\/\/rgworldwide.mx\/site\/\">\n\t\t\t\t\t\t\t<img fetchpriority=\"high\" decoding=\"async\" width=\"640\" height=\"288\" src=\"https:\/\/rgworldwide.mx\/site\/wp-content\/uploads\/2020\/06\/weblogo.png\" class=\"attachment-large size-large wp-image-643\" alt=\"\" srcset=\"https:\/\/rgworldwide.mx\/site\/wp-content\/uploads\/2020\/06\/weblogo.png 666w, https:\/\/rgworldwide.mx\/site\/wp-content\/uploads\/2020\/06\/weblogo-300x135.png 300w\" sizes=\"(max-width: 640px) 100vw, 640px\" \/>\t\t\t\t\t\t\t\t<\/a>\n\t\t\t\t\t\t\t\t\t\t\t\t\t\t\t<\/div>\n\t\t\t\t<\/div>\n\t\t\t\t\t<\/div>\n\t\t<\/div>\n\t\t\t\t<div class=\"elementor-column elementor-col-50 elementor-top-column elementor-element elementor-element-6558f5b\" data-id=\"6558f5b\" data-element_type=\"column\">\n\t\t\t<div class=\"elementor-widget-wrap\">\n\t\t\t\t\t\t\t<\/div>\n\t\t<\/div>\n\t\t\t\t\t<\/div>\n\t\t<\/section>\n\t\t\t\t<section class=\"elementor-section elementor-top-section elementor-element elementor-element-4214bab elementor-section-height-min-height elementor-section-full_width elementor-section-height-default elementor-section-items-middle\" data-id=\"4214bab\" data-element_type=\"section\" data-settings=\"{&quot;background_background&quot;:&quot;classic&quot;}\">\n\t\t\t\t\t\t\t<div class=\"elementor-background-overlay\"><\/div>\n\t\t\t\t\t\t\t<div class=\"elementor-container elementor-column-gap-default\">\n\t\t\t\t\t<div class=\"elementor-column elementor-col-100 elementor-top-column elementor-element elementor-element-a4223ae\" data-id=\"a4223ae\" data-element_type=\"column\">\n\t\t\t<div class=\"elementor-widget-wrap elementor-element-populated\">\n\t\t\t\t\t\t<div class=\"elementor-element elementor-element-845c8fa elementor-invisible elementor-widget elementor-widget-heading\" data-id=\"845c8fa\" data-element_type=\"widget\" data-settings=\"{&quot;_animation&quot;:&quot;fadeIn&quot;}\" data-widget_type=\"heading.default\">\n\t\t\t\t<div class=\"elementor-widget-container\">\n\t\t\t\t\t<h3 class=\"elementor-heading-title elementor-size-default\">NUESTRA RED<\/h3>\t\t\t\t<\/div>\n\t\t\t\t<\/div>\n\t\t\t\t<div class=\"elementor-element elementor-element-20101ea elementor-invisible elementor-widget elementor-widget-heading\" data-id=\"20101ea\" data-element_type=\"widget\" data-settings=\"{&quot;_animation&quot;:&quot;fadeIn&quot;}\" data-widget_type=\"heading.default\">\n\t\t\t\t<div class=\"elementor-widget-container\">\n\t\t\t\t\t<h3 class=\"elementor-heading-title elementor-size-default\">ADUANAS NACIONALES y AGENTES MUNDIALES<\/h3>\t\t\t\t<\/div>\n\t\t\t\t<\/div>\n\t\t\t\t<div class=\"elementor-element elementor-element-9a5bc9d elementor-widget elementor-widget-shortcode\" data-id=\"9a5bc9d\" data-element_type=\"widget\" data-widget_type=\"shortcode.default\">\n\t\t\t\t<div class=\"elementor-widget-container\">\n\t\t\t\t\t\t\t<div class=\"elementor-shortcode\"><iframe src=\"https:\/\/www.google.com\/maps\/d\/embed?mid=17XZkyVjy-uPwsTKOnWJN_lqlWoGH6x2q\" width=\"640\" height=\"480\"><\/iframe><\/div>\n\t\t\t\t\t\t<\/div>\n\t\t\t\t<\/div>\n\t\t\t\t\t<\/div>\n\t\t<\/div>\n\t\t\t\t\t<\/div>\n\t\t<\/section>\n\t\t\t\t<section class=\"elementor-section elementor-top-section elementor-element elementor-element-216d457 elementor-section-boxed elementor-section-height-default elementor-section-height-default\" data-id=\"216d457\" data-element_type=\"section\" data-settings=\"{&quot;background_background&quot;:&quot;classic&quot;}\">\n\t\t\t\t\t\t<div class=\"elementor-container elementor-column-gap-default\">\n\t\t\t\t\t<div class=\"elementor-column elementor-col-100 elementor-top-column elementor-element elementor-element-81adffc\" data-id=\"81adffc\" data-element_type=\"column\">\n\t\t\t<div class=\"elementor-widget-wrap elementor-element-populated\">\n\t\t\t\t\t\t<div class=\"elementor-element elementor-element-b50b5c2 elementor-widget elementor-widget-spacer\" data-id=\"b50b5c2\" data-element_type=\"widget\" data-widget_type=\"spacer.default\">\n\t\t\t\t<div class=\"elementor-widget-container\">\n\t\t\t\t\t\t\t<div class=\"elementor-spacer\">\n\t\t\t<div class=\"elementor-spacer-inner\"><\/div>\n\t\t<\/div>\n\t\t\t\t\t\t<\/div>\n\t\t\t\t<\/div>\n\t\t\t\t\t<\/div>\n\t\t<\/div>\n\t\t\t\t\t<\/div>\n\t\t<\/section>\n\t\t\t\t<section class=\"elementor-section elementor-top-section elementor-element elementor-element-8b53a43 elementor-section-boxed elementor-section-height-default elementor-section-height-default\" data-id=\"8b53a43\" data-element_type=\"section\" data-settings=\"{&quot;background_background&quot;:&quot;classic&quot;}\">\n\t\t\t\t\t\t<div class=\"elementor-container elementor-column-gap-default\">\n\t\t\t\t\t<div class=\"elementor-column elementor-col-25 elementor-top-column elementor-element elementor-element-e757bdf\" data-id=\"e757bdf\" data-element_type=\"column\">\n\t\t\t<div class=\"elementor-widget-wrap elementor-element-populated\">\n\t\t\t\t\t\t<div class=\"elementor-element elementor-element-cd65eb4 elementor-widget elementor-widget-heading\" data-id=\"cd65eb4\" data-element_type=\"widget\" data-widget_type=\"heading.default\">\n\t\t\t\t<div class=\"elementor-widget-container\">\n\t\t\t\t\t<h3 class=\"elementor-heading-title elementor-size-default\"><a href=\"http:\/\/rgworldwide.mx\/site\/index.php\/comercializadora-de-importaciones-y-exportaciones\/\">Comercializadora de Importaciones y Exportaciones<\/a><\/h3>\t\t\t\t<\/div>\n\t\t\t\t<\/div>\n\t\t\t\t<div class=\"elementor-element elementor-element-baa59b2 elementor-widget elementor-widget-text-editor\" data-id=\"baa59b2\" data-element_type=\"widget\" data-widget_type=\"text-editor.default\">\n\t\t\t\t<div class=\"elementor-widget-container\">\n\t\t\t\t\t\t\t\t\t<p><a href=\"http:\/\/rgworldwide.mx\/site\/index.php\/padron-general-de-importadores\/\">Padr\u00f3n General de Importadores.<\/a><\/p><p><a href=\"http:\/\/rgworldwide.mx\/site\/index.php\/padron-de-importadores-textil-y-confeccion\/\">Padr\u00f3n de Importadores Textil y Confecci\u00f3n.<\/a><\/p><p><a href=\"http:\/\/rgworldwide.mx\/site\/index.php\/padron-de-importadores-de-calzado\/\">Padr\u00f3n de Importadores de Calzado.<\/a><\/p><p><a href=\"http:\/\/rgworldwide.mx\/site\/index.php\/padron-siderurgico-y-de-productos-siderurgicos\/\">Padr\u00f3n Sider\u00fargico y Padr\u00f3n de Productos Sider\u00fargicos.<\/a><\/p><p><a href=\"http:\/\/rgworldwide.mx\/site\/index.php\/padron-de-exportacion-de-sectores-especificos\/\">Padr\u00f3n de Exportaci\u00f3n de Sectores Espec\u00edficos.<\/a><\/p>\t\t\t\t\t\t\t\t<\/div>\n\t\t\t\t<\/div>\n\t\t\t\t\t<\/div>\n\t\t<\/div>\n\t\t\t\t<div class=\"elementor-column elementor-col-25 elementor-top-column elementor-element elementor-element-bb5acf9\" data-id=\"bb5acf9\" data-element_type=\"column\">\n\t\t\t<div class=\"elementor-widget-wrap elementor-element-populated\">\n\t\t\t\t\t\t<div class=\"elementor-element elementor-element-a1678b4 elementor-widget elementor-widget-heading\" data-id=\"a1678b4\" data-element_type=\"widget\" data-widget_type=\"heading.default\">\n\t\t\t\t<div class=\"elementor-widget-container\">\n\t\t\t\t\t<h3 class=\"elementor-heading-title elementor-size-default\"><a href=\"http:\/\/rgworldwide.mx\/site\/index.php\/logistica-integral-en-exportaciones\/\">Log\u00edstica Integral en Exportaciones<\/a><\/h3>\t\t\t\t<\/div>\n\t\t\t\t<\/div>\n\t\t\t\t<div class=\"elementor-element elementor-element-0867d82 elementor-widget elementor-widget-text-editor\" data-id=\"0867d82\" data-element_type=\"widget\" data-widget_type=\"text-editor.default\">\n\t\t\t\t<div class=\"elementor-widget-container\">\n\t\t\t\t\t\t\t\t\t<p><a href=\"http:\/\/rgworldwide.mx\/site\/index.php\/exportacion-en-centroamerica\/\">Exportaci\u00f3n en Centroam\u00e9rica.<\/a><\/p><p><a href=\"http:\/\/rgworldwide.mx\/site\/index.php\/exportacion-a-estados-unidos-y-canada\/\">Exportaci\u00f3n a Estados Unidos y Canad\u00e1.<\/a><\/p><p><a href=\"http:\/\/rgworldwide.mx\/site\/index.php\/exportacion-a-sudamerica-europa-asia-y-africa\/\">Exportaci\u00f3n a Sudam\u00e9rica, Europa, Asia y \u00c1frica.<\/a><\/p>\t\t\t\t\t\t\t\t<\/div>\n\t\t\t\t<\/div>\n\t\t\t\t\t<\/div>\n\t\t<\/div>\n\t\t\t\t<div class=\"elementor-column elementor-col-25 elementor-top-column elementor-element elementor-element-5a5a8be\" data-id=\"5a5a8be\" data-element_type=\"column\">\n\t\t\t<div class=\"elementor-widget-wrap elementor-element-populated\">\n\t\t\t\t\t\t<div class=\"elementor-element elementor-element-298fc4f elementor-widget elementor-widget-heading\" data-id=\"298fc4f\" data-element_type=\"widget\" data-widget_type=\"heading.default\">\n\t\t\t\t<div class=\"elementor-widget-container\">\n\t\t\t\t\t<h3 class=\"elementor-heading-title elementor-size-default\"><a href=\"http:\/\/rgworldwide.mx\/site\/index.php\/fletes-seguros-aduanas-y-permisos-de-importacion\/\">Fletes, Seguros, Aduanas y Permisos de Importaci\u00f3n<\/a><\/h3>\t\t\t\t<\/div>\n\t\t\t\t<\/div>\n\t\t\t\t<div class=\"elementor-element elementor-element-7b08401 elementor-widget elementor-widget-text-editor\" data-id=\"7b08401\" data-element_type=\"widget\" data-widget_type=\"text-editor.default\">\n\t\t\t\t<div class=\"elementor-widget-container\">\n\t\t\t\t\t\t\t\t\t<p><a href=\"http:\/\/rgworldwide.mx\/site\/index.php\/fletes-terrestres\/\">Fletes terrestres.<\/a><\/p><p><a href=\"http:\/\/rgworldwide.mx\/site\/index.php\/fletes-maritimos\/\">Fletes Mar\u00edtimos.<\/a><\/p><p><a href=\"http:\/\/rgworldwide.mx\/site\/index.php\/fletes-aereos\/\">Fletes A\u00e9reos.<\/a><\/p><p><a href=\"http:\/\/rgworldwide.mx\/site\/index.php\/ffcc\/\">F.F.C.C.<\/a><\/p><p><a href=\"http:\/\/rgworldwide.mx\/site\/index.php\/flete-multimodal\/\">Flete Multimodal.<\/a><\/p><p><a href=\"http:\/\/rgworldwide.mx\/site\/index.php\/seguros\/\">Seguros.<\/a><\/p><p><a href=\"http:\/\/rgworldwide.mx\/site\/index.php\/aduanas\/\">Aduanas.<\/a><\/p><p><a href=\"http:\/\/rgworldwide.mx\/site\/index.php\/permisos-de-importacion\/\">Permisos de Importaci\u00f3n.<\/a><\/p>\t\t\t\t\t\t\t\t<\/div>\n\t\t\t\t<\/div>\n\t\t\t\t\t<\/div>\n\t\t<\/div>\n\t\t\t\t<div class=\"elementor-column elementor-col-25 elementor-top-column elementor-element elementor-element-99fc439\" data-id=\"99fc439\" data-element_type=\"column\">\n\t\t\t<div class=\"elementor-widget-wrap elementor-element-populated\">\n\t\t\t\t\t\t<div class=\"elementor-element elementor-element-b1a014a elementor-widget elementor-widget-heading\" data-id=\"b1a014a\" data-element_type=\"widget\" data-widget_type=\"heading.default\">\n\t\t\t\t<div class=\"elementor-widget-container\">\n\t\t\t\t\t<h3 class=\"elementor-heading-title elementor-size-default\"><a href=\"http:\/\/rgworldwide.mx\/site\/index.php\/bodega-almacenaje-y-distribucion\/\">Bodega, Almacenaje y Distribuci\u00f3n<\/a><\/h3>\t\t\t\t<\/div>\n\t\t\t\t<\/div>\n\t\t\t\t<div class=\"elementor-element elementor-element-91a3857 elementor-widget elementor-widget-heading\" data-id=\"91a3857\" data-element_type=\"widget\" data-widget_type=\"heading.default\">\n\t\t\t\t<div class=\"elementor-widget-container\">\n\t\t\t\t\t<h3 class=\"elementor-heading-title elementor-size-default\"><a href=\"http:\/\/rgworldwide.mx\/site\/index.php\/fda\/\">FDA: Food and Drug Administration<\/a><\/h3>\t\t\t\t<\/div>\n\t\t\t\t<\/div>\n\t\t\t\t<div class=\"elementor-element elementor-element-8e8ded5 elementor-widget elementor-widget-heading\" data-id=\"8e8ded5\" data-element_type=\"widget\" data-widget_type=\"heading.default\">\n\t\t\t\t<div class=\"elementor-widget-container\">\n\t\t\t\t\t<h3 class=\"elementor-heading-title elementor-size-default\"><a href=\"http:\/\/rgworldwide.mx\/site\/index.php\/servicios-legales-en-comercio-exterior\/\">Servicios Legales en Comercio Exterior<\/a><\/h3>\t\t\t\t<\/div>\n\t\t\t\t<\/div>\n\t\t\t\t\t<\/div>\n\t\t<\/div>\n\t\t\t\t\t<\/div>\n\t\t<\/section>\n\t\t\t\t<section class=\"elementor-section elementor-top-section elementor-element elementor-element-113b11e elementor-section-boxed elementor-section-height-default elementor-section-height-default\" data-id=\"113b11e\" data-element_type=\"section\" data-settings=\"{&quot;background_background&quot;:&quot;classic&quot;}\">\n\t\t\t\t\t\t<div class=\"elementor-container elementor-column-gap-default\">\n\t\t\t\t\t<div class=\"elementor-column elementor-col-100 elementor-top-column elementor-element elementor-element-dd23d11\" data-id=\"dd23d11\" data-element_type=\"column\">\n\t\t\t<div class=\"elementor-widget-wrap elementor-element-populated\">\n\t\t\t\t\t\t<div class=\"elementor-element elementor-element-0a2dc38 elementor-widget elementor-widget-text-editor\" data-id=\"0a2dc38\" data-element_type=\"widget\" data-widget_type=\"text-editor.default\">\n\t\t\t\t<div class=\"elementor-widget-container\">\n\t\t\t\t\t\t\t\t\t<p>Copyright 2020 \u00a9 RG Worldwide. Todos los derechos reservados. P\u00e1gina dise\u00f1ada y desarrollada por <a href=\"http:\/\/www.brainersocial.mx\">Brainer Social<\/a>.<\/p>\t\t\t\t\t\t\t\t<\/div>\n\t\t\t\t<\/div>\n\t\t\t\t\t<\/div>\n\t\t<\/div>\n\t\t\t\t\t<\/div>\n\t\t<\/section>\n\t\t\t\t<\/div>\n\t\t","protected":false},"excerpt":{"rendered":"<p>Nosotros Servicios Comercializadora de importaciones y exportaciones Padr\u00f3n General de Importadores Padr\u00f3n de Importadores Textil y Confecci\u00f3n Padr\u00f3n de Importadores de Calzado Padr\u00f3n Sider\u00fargico y de Productos Sider\u00fargicos Padr\u00f3n de Exportaci\u00f3n de Sectores Espec\u00edficos Logistica Integral en Exportaciones Exportaci\u00f3n a Centroam\u00e9rica Exportaci\u00f3n a Estados Unidos y Canad\u00e1 Exportaci\u00f3n a Sudam\u00e9rica Europa Asia y \u00c1frica Fletes, [&hellip;]<\/p>\n","protected":false},"author":1,"featured_media":0,"parent":0,"menu_order":0,"comment_status":"closed","ping_status":"closed","template":"elementor_header_footer","meta":{"footnotes":""},"class_list":["post-88","page","type-page","status-publish","hentry","entry"],"_links":{"self":[{"href":"https:\/\/rgworldwide.mx\/site\/index.php\/wp-json\/wp\/v2\/pages\/88","targetHints":{"allow":["GET"]}}],"collection":[{"href":"https:\/\/rgworldwide.mx\/site\/index.php\/wp-json\/wp\/v2\/pages"}],"about":[{"href":"https:\/\/rgworldwide.mx\/site\/index.php\/wp-json\/wp\/v2\/types\/page"}],"author":[{"embeddable":true,"href":"https:\/\/rgworldwide.mx\/site\/index.php\/wp-json\/wp\/v2\/users\/1"}],"replies":[{"embeddable":true,"href":"https:\/\/rgworldwide.mx\/site\/index.php\/wp-json\/wp\/v2\/comments?post=88"}],"version-history":[{"count":0,"href":"https:\/\/rgworldwide.mx\/site\/index.php\/wp-json\/wp\/v2\/pages\/88\/revisions"}],"wp:attachment":[{"href":"https:\/\/rgworldwide.mx\/site\/index.php\/wp-json\/wp\/v2\/media?parent=88"}],"curies":[{"name":"wp","href":"https:\/\/api.w.org\/{rel}","templated":true}]}}